{"id":61,"date":"2024-01-08T18:22:00","date_gmt":"2024-01-08T17:22:00","guid":{"rendered":"https:\/\/insteimed.com\/new\/?page_id=61"},"modified":"2024-03-08T06:46:15","modified_gmt":"2024-03-08T05:46:15","slug":"politica-de-calidad","status":"publish","type":"page","link":"https:\/\/insteimed.com\/en\/politica-de-calidad\/","title":{"rendered":"Quality Policy"},"content":{"rendered":"<div data-elementor-type=\"wp-page\" data-elementor-id=\"61\" class=\"elementor elementor-61\" data-elementor-settings=\"{&quot;premium_particles_zindex&quot;:0,&quot;premium_particles_responsive&quot;:[&quot;desktop&quot;,&quot;tablet&quot;,&quot;mobile&quot;]}\" data-elementor-post-type=\"page\">\n\t\t\t\t<div class=\"elementor-element elementor-element-b45492a e-flex e-con-boxed e-con e-parent\" data-id=\"b45492a\" data-element_type=\"container\" data-settings=\"{&quot;background_background&quot;:&quot;classic&quot;,&quot;content_width&quot;:&quot;boxed&quot;,&quot;premium_particles_zindex&quot;:0,&quot;premium_particles_responsive&quot;:[&quot;desktop&quot;,&quot;tablet&quot;,&quot;mobile&quot;]}\" data-core-v316-plus=\"true\">\n\t\t\t\t\t<div class=\"e-con-inner\">\n\t\t\t\t<div class=\"elementor-element elementor-element-e67d7c4 elementor-widget elementor-widget-heading\" data-id=\"e67d7c4\" data-element_type=\"widget\" data-widget_type=\"heading.default\">\n\t\t\t\t<div class=\"elementor-widget-container\">\n\t\t\t<style>\/*! elementor - v3.19.0 - 28-02-2024 *\/\n.elementor-heading-title{padding:0;margin:0;line-height:1}.elementor-widget-heading .elementor-heading-title[class*=elementor-size-]>a{color:inherit;font-size:inherit;line-height:inherit}.elementor-widget-heading .elementor-heading-title.elementor-size-small{font-size:15px}.elementor-widget-heading .elementor-heading-title.elementor-size-medium{font-size:19px}.elementor-widget-heading .elementor-heading-title.elementor-size-large{font-size:29px}.elementor-widget-heading .elementor-heading-title.elementor-size-xl{font-size:39px}.elementor-widget-heading .elementor-heading-title.elementor-size-xxl{font-size:59px}<\/style><h1 class=\"elementor-heading-title elementor-size-default\">Quality Policy<\/h1>\t\t<\/div>\n\t\t\t\t<\/div>\n\t\t\t\t\t<\/div>\n\t\t\t\t<\/div>\n\t\t<div class=\"elementor-element elementor-element-acd8731 e-flex e-con-boxed e-con e-parent\" data-id=\"acd8731\" data-element_type=\"container\" data-settings=\"{&quot;content_width&quot;:&quot;boxed&quot;,&quot;premium_particles_zindex&quot;:0,&quot;premium_particles_responsive&quot;:[&quot;desktop&quot;,&quot;tablet&quot;,&quot;mobile&quot;]}\" data-core-v316-plus=\"true\">\n\t\t\t\t\t<div class=\"e-con-inner\">\n\t\t\t\t<div class=\"elementor-element elementor-element-92d1bc9 elementor-widget elementor-widget-text-editor\" data-id=\"92d1bc9\" data-element_type=\"widget\" data-widget_type=\"text-editor.default\">\n\t\t\t\t<div class=\"elementor-widget-container\">\n\t\t\t<style>\/*! elementor - v3.19.0 - 28-02-2024 *\/\n.elementor-widget-text-editor.elementor-drop-cap-view-stacked .elementor-drop-cap{background-color:#69727d;color:#fff}.elementor-widget-text-editor.elementor-drop-cap-view-framed .elementor-drop-cap{color:#69727d;border:3px solid;background-color:transparent}.elementor-widget-text-editor:not(.elementor-drop-cap-view-default) .elementor-drop-cap{margin-top:8px}.elementor-widget-text-editor:not(.elementor-drop-cap-view-default) .elementor-drop-cap-letter{width:1em;height:1em}.elementor-widget-text-editor .elementor-drop-cap{float:left;text-align:center;line-height:1;font-size:50px}.elementor-widget-text-editor .elementor-drop-cap-letter{display:inline-block}<\/style>\t\t\t\t<p>In Insteimed we carry out engineering and electrical installations in the naval and industrial sectors.<\/p><p>Our MISSION is to offer services of adequate quality, with criteria of economic profitability, environmentally sustainable and maintaining quality of life criteria for workers and users.<\/p><p>Our VISION is to be a reference in the naval sector and to be competitive in the industrial sector, while we aim to be an example of sustainability, good professional practices and occupational health and safety.<\/p><p>Our VALUES are the availability to meet unforeseen events, meeting deadlines and adaptability to customer needs.<\/p><p>For all these reasons Insteimed S.A. implements an IMS based on the ISO 9001, ISO 14001 and ISO 45001 standards and acquires the COMMITMENT of:<\/p><p>- Management leadership in promoting the culture of quality management, environment and risk prevention.<\/p><p>- Continuous improvement of the organization through the establishment of objectives and good professional practice.<\/p><p>- Compliance with applicable requirements.<\/p><p>- Consideration of sustainability and environmental protection criteria in all business activities, promoting the rational use of resources and pollution prevention.<\/p><p>- Integration of health and safety in all management areas of the company, providing safe working conditions and for the prevention of injuries and deterioration of health, eliminating hazards and reducing risks, as well as establishing channels for consultation and participation of workers.<\/p><p>In this way, we are committed to transmit the importance of the proper understanding, implementation and updating of this Policy, and we undertake to provide the appropriate resources for its development and implementation and to monitor its effectiveness.<\/p>\t\t\t\t\t\t<\/div>\n\t\t\t\t<\/div>\n\t\t\t\t\t<\/div>\n\t\t\t\t<\/div>\n\t\t\t\t<\/div>","protected":false},"excerpt":{"rendered":"<p>In Insteimed we carry out engineering and electrical installations in the naval and industrial sectors. Our MISSION is to offer services of adequate quality, with criteria of economic profitability, environmentally sustainable and maintaining criteria of quality of life for workers and users. Our VISION is to be a reference in the naval sector and to be competitive in [...]<\/p>","protected":false},"author":1,"featured_media":0,"parent":0,"menu_order":0,"comment_status":"closed","ping_status":"closed","template":"","meta":{"footnotes":""},"class_list":["post-61","page","type-page","status-publish","hentry"],"yoast_head":"<!-- This site is optimized with the Yoast SEO plugin v22.2 - https:\/\/yoast.com\/wordpress\/plugins\/seo\/ -->\n<title>Pol\u00edtica de Calidad - Insteimed<\/title>\n<meta name=\"robots\" content=\"index, follow, max-snippet:-1, max-image-preview:large, max-video-preview:-1\" \/>\n<link rel=\"canonical\" href=\"https:\/\/insteimed.com\/en\/politica-de-calidad\/\" \/>\n<meta property=\"og:locale\" content=\"en_US\" \/>\n<meta property=\"og:type\" content=\"article\" \/>\n<meta property=\"og:title\" content=\"Pol\u00edtica de Calidad - Insteimed\" \/>\n<meta property=\"og:description\" content=\"En Insteimed realizamos ingenier\u00eda e instalaciones el\u00e9ctricas en los sectores naval e industrial. Nuestra MISI\u00d3N es ofrecer servicios de calidad adecuada, con criterios de rentabilidad econ\u00f3mica, sostenible medioambientalmente y manteniendo criterios de calidad de vida para los trabajadores y los usuarios. Nuestra VISI\u00d3N es ser una referencia en el sector naval y ser competitivos en [&hellip;]\" \/>\n<meta property=\"og:url\" content=\"https:\/\/insteimed.com\/en\/politica-de-calidad\/\" \/>\n<meta property=\"og:site_name\" content=\"Insteimed\" \/>\n<meta property=\"article:modified_time\" content=\"2024-03-08T05:46:15+00:00\" \/>\n<meta name=\"twitter:card\" content=\"summary_large_image\" \/>\n<meta name=\"twitter:label1\" content=\"Est. reading time\" \/>\n\t<meta name=\"twitter:data1\" content=\"2 minutes\" \/>\n<script type=\"application\/ld+json\" class=\"yoast-schema-graph\">{\"@context\":\"https:\/\/schema.org\",\"@graph\":[{\"@type\":\"WebPage\",\"@id\":\"https:\/\/insteimed.com\/politica-de-calidad\/\",\"url\":\"https:\/\/insteimed.com\/politica-de-calidad\/\",\"name\":\"Pol\u00edtica de Calidad - Insteimed\",\"isPartOf\":{\"@id\":\"https:\/\/insteimed.com\/#website\"},\"datePublished\":\"2024-01-08T17:22:00+00:00\",\"dateModified\":\"2024-03-08T05:46:15+00:00\",\"breadcrumb\":{\"@id\":\"https:\/\/insteimed.com\/politica-de-calidad\/#breadcrumb\"},\"inLanguage\":\"en-US\",\"potentialAction\":[{\"@type\":\"ReadAction\",\"target\":[\"https:\/\/insteimed.com\/politica-de-calidad\/\"]}]},{\"@type\":\"BreadcrumbList\",\"@id\":\"https:\/\/insteimed.com\/politica-de-calidad\/#breadcrumb\",\"itemListElement\":[{\"@type\":\"ListItem\",\"position\":1,\"name\":\"Portada\",\"item\":\"https:\/\/insteimed.com\/\"},{\"@type\":\"ListItem\",\"position\":2,\"name\":\"Pol\u00edtica de Calidad\"}]},{\"@type\":\"WebSite\",\"@id\":\"https:\/\/insteimed.com\/#website\",\"url\":\"https:\/\/insteimed.com\/\",\"name\":\"Insteimed\",\"description\":\"Sistemas el\u00e9ctricos sector naval\",\"publisher\":{\"@id\":\"https:\/\/insteimed.com\/#organization\"},\"potentialAction\":[{\"@type\":\"SearchAction\",\"target\":{\"@type\":\"EntryPoint\",\"urlTemplate\":\"https:\/\/insteimed.com\/?s={search_term_string}\"},\"query-input\":\"required name=search_term_string\"}],\"inLanguage\":\"en-US\"},{\"@type\":\"Organization\",\"@id\":\"https:\/\/insteimed.com\/#organization\",\"name\":\"Insteimed\",\"url\":\"https:\/\/insteimed.com\/\",\"logo\":{\"@type\":\"ImageObject\",\"inLanguage\":\"en-US\",\"@id\":\"https:\/\/insteimed.com\/#\/schema\/logo\/image\/\",\"url\":\"https:\/\/insteimed.com\/wp-content\/uploads\/2024\/01\/LOGO-insteimed.png\",\"contentUrl\":\"https:\/\/insteimed.com\/wp-content\/uploads\/2024\/01\/LOGO-insteimed.png\",\"width\":800,\"height\":264,\"caption\":\"Insteimed\"},\"image\":{\"@id\":\"https:\/\/insteimed.com\/#\/schema\/logo\/image\/\"}}]}<\/script>\n<!-- \/ Yoast SEO plugin. -->","yoast_head_json":{"title":"Pol\u00edtica de Calidad - Insteimed","robots":{"index":"index","follow":"follow","max-snippet":"max-snippet:-1","max-image-preview":"max-image-preview:large","max-video-preview":"max-video-preview:-1"},"canonical":"https:\/\/insteimed.com\/en\/politica-de-calidad\/","og_locale":"en_US","og_type":"article","og_title":"Pol\u00edtica de Calidad - Insteimed","og_description":"En Insteimed realizamos ingenier\u00eda e instalaciones el\u00e9ctricas en los sectores naval e industrial. Nuestra MISI\u00d3N es ofrecer servicios de calidad adecuada, con criterios de rentabilidad econ\u00f3mica, sostenible medioambientalmente y manteniendo criterios de calidad de vida para los trabajadores y los usuarios. Nuestra VISI\u00d3N es ser una referencia en el sector naval y ser competitivos en [&hellip;]","og_url":"https:\/\/insteimed.com\/en\/politica-de-calidad\/","og_site_name":"Insteimed","article_modified_time":"2024-03-08T05:46:15+00:00","twitter_card":"summary_large_image","twitter_misc":{"Est. reading time":"2 minutes"},"schema":{"@context":"https:\/\/schema.org","@graph":[{"@type":"WebPage","@id":"https:\/\/insteimed.com\/politica-de-calidad\/","url":"https:\/\/insteimed.com\/politica-de-calidad\/","name":"Pol\u00edtica de Calidad - Insteimed","isPartOf":{"@id":"https:\/\/insteimed.com\/#website"},"datePublished":"2024-01-08T17:22:00+00:00","dateModified":"2024-03-08T05:46:15+00:00","breadcrumb":{"@id":"https:\/\/insteimed.com\/politica-de-calidad\/#breadcrumb"},"inLanguage":"en-US","potentialAction":[{"@type":"ReadAction","target":["https:\/\/insteimed.com\/politica-de-calidad\/"]}]},{"@type":"BreadcrumbList","@id":"https:\/\/insteimed.com\/politica-de-calidad\/#breadcrumb","itemListElement":[{"@type":"ListItem","position":1,"name":"Portada","item":"https:\/\/insteimed.com\/"},{"@type":"ListItem","position":2,"name":"Pol\u00edtica de Calidad"}]},{"@type":"WebSite","@id":"https:\/\/insteimed.com\/#website","url":"https:\/\/insteimed.com\/","name":"Insteimed","description":"Sistemas el\u00e9ctricos sector naval","publisher":{"@id":"https:\/\/insteimed.com\/#organization"},"potentialAction":[{"@type":"SearchAction","target":{"@type":"EntryPoint","urlTemplate":"https:\/\/insteimed.com\/?s={search_term_string}"},"query-input":"required name=search_term_string"}],"inLanguage":"en-US"},{"@type":"Organization","@id":"https:\/\/insteimed.com\/#organization","name":"Insteimed","url":"https:\/\/insteimed.com\/","logo":{"@type":"ImageObject","inLanguage":"en-US","@id":"https:\/\/insteimed.com\/#\/schema\/logo\/image\/","url":"https:\/\/insteimed.com\/wp-content\/uploads\/2024\/01\/LOGO-insteimed.png","contentUrl":"https:\/\/insteimed.com\/wp-content\/uploads\/2024\/01\/LOGO-insteimed.png","width":800,"height":264,"caption":"Insteimed"},"image":{"@id":"https:\/\/insteimed.com\/#\/schema\/logo\/image\/"}}]}},"_links":{"self":[{"href":"https:\/\/insteimed.com\/en\/wp-json\/wp\/v2\/pages\/61","targetHints":{"allow":["GET"]}}],"collection":[{"href":"https:\/\/insteimed.com\/en\/wp-json\/wp\/v2\/pages"}],"about":[{"href":"https:\/\/insteimed.com\/en\/wp-json\/wp\/v2\/types\/page"}],"author":[{"embeddable":true,"href":"https:\/\/insteimed.com\/en\/wp-json\/wp\/v2\/users\/1"}],"replies":[{"embeddable":true,"href":"https:\/\/insteimed.com\/en\/wp-json\/wp\/v2\/comments?post=61"}],"version-history":[{"count":13,"href":"https:\/\/insteimed.com\/en\/wp-json\/wp\/v2\/pages\/61\/revisions"}],"predecessor-version":[{"id":1581,"href":"https:\/\/insteimed.com\/en\/wp-json\/wp\/v2\/pages\/61\/revisions\/1581"}],"wp:attachment":[{"href":"https:\/\/insteimed.com\/en\/wp-json\/wp\/v2\/media?parent=61"}],"curies":[{"name":"wp","href":"https:\/\/api.w.org\/{rel}","templated":true}]}}