{"id":51,"date":"2024-01-08T17:49:39","date_gmt":"2024-01-08T16:49:39","guid":{"rendered":"https:\/\/insteimed.com\/new\/?page_id=51"},"modified":"2024-05-16T15:04:35","modified_gmt":"2024-05-16T13:04:35","slug":"conocenos","status":"publish","type":"page","link":"https:\/\/insteimed.com\/en\/conocenos\/","title":{"rendered":"About us"},"content":{"rendered":"<div data-elementor-type=\"wp-page\" data-elementor-id=\"51\" class=\"elementor elementor-51\" data-elementor-settings=\"{&quot;premium_particles_zindex&quot;:0,&quot;premium_particles_responsive&quot;:[&quot;desktop&quot;,&quot;tablet&quot;,&quot;mobile&quot;]}\" data-elementor-post-type=\"page\">\n\t\t\t\t<div class=\"elementor-element elementor-element-d572b11 e-flex e-con-boxed e-con e-parent\" data-id=\"d572b11\" data-element_type=\"container\" data-settings=\"{&quot;background_background&quot;:&quot;classic&quot;,&quot;content_width&quot;:&quot;boxed&quot;,&quot;premium_particles_zindex&quot;:0,&quot;premium_particles_responsive&quot;:[&quot;desktop&quot;,&quot;tablet&quot;,&quot;mobile&quot;]}\" data-core-v316-plus=\"true\">\n\t\t\t\t\t<div class=\"e-con-inner\">\n\t\t\t\t<div class=\"elementor-element elementor-element-02a6c0e elementor-widget elementor-widget-heading\" data-id=\"02a6c0e\" data-element_type=\"widget\" data-widget_type=\"heading.default\">\n\t\t\t\t<div class=\"elementor-widget-container\">\n\t\t\t<style>\/*! elementor - v3.19.0 - 28-02-2024 *\/\n.elementor-heading-title{padding:0;margin:0;line-height:1}.elementor-widget-heading .elementor-heading-title[class*=elementor-size-]>a{color:inherit;font-size:inherit;line-height:inherit}.elementor-widget-heading .elementor-heading-title.elementor-size-small{font-size:15px}.elementor-widget-heading .elementor-heading-title.elementor-size-medium{font-size:19px}.elementor-widget-heading .elementor-heading-title.elementor-size-large{font-size:29px}.elementor-widget-heading .elementor-heading-title.elementor-size-xl{font-size:39px}.elementor-widget-heading .elementor-heading-title.elementor-size-xxl{font-size:59px}<\/style><h1 class=\"elementor-heading-title elementor-size-default\">About us<\/h1>\t\t<\/div>\n\t\t\t\t<\/div>\n\t\t\t\t<div class=\"elementor-element elementor-element-01c9a52 elementor-widget__width-initial elementor-widget elementor-widget-text-editor\" data-id=\"01c9a52\" data-element_type=\"widget\" data-widget_type=\"text-editor.default\">\n\t\t\t\t<div class=\"elementor-widget-container\">\n\t\t\t<style>\/*! elementor - v3.19.0 - 28-02-2024 *\/\n.elementor-widget-text-editor.elementor-drop-cap-view-stacked .elementor-drop-cap{background-color:#69727d;color:#fff}.elementor-widget-text-editor.elementor-drop-cap-view-framed .elementor-drop-cap{color:#69727d;border:3px solid;background-color:transparent}.elementor-widget-text-editor:not(.elementor-drop-cap-view-default) .elementor-drop-cap{margin-top:8px}.elementor-widget-text-editor:not(.elementor-drop-cap-view-default) .elementor-drop-cap-letter{width:1em;height:1em}.elementor-widget-text-editor .elementor-drop-cap{float:left;text-align:center;line-height:1;font-size:50px}.elementor-widget-text-editor .elementor-drop-cap-letter{display:inline-block}<\/style>\t\t\t\t<p>Our knowledge as a company specialized in the naval sector has trained us in unusual technologies and demanding environments within the industrial sector.<\/p>\t\t\t\t\t\t<\/div>\n\t\t\t\t<\/div>\n\t\t\t\t\t<\/div>\n\t\t\t\t<\/div>\n\t\t<div class=\"elementor-element elementor-element-0dc0cd0 e-flex e-con-boxed e-con e-parent\" data-id=\"0dc0cd0\" data-element_type=\"container\" data-settings=\"{&quot;content_width&quot;:&quot;boxed&quot;,&quot;premium_particles_zindex&quot;:0,&quot;premium_particles_responsive&quot;:[&quot;desktop&quot;,&quot;tablet&quot;,&quot;mobile&quot;]}\" data-core-v316-plus=\"true\">\n\t\t\t\t\t<div class=\"e-con-inner\">\n\t\t<div class=\"elementor-element elementor-element-c4218e2 e-con-full e-flex elementor-invisible e-con e-child\" data-id=\"c4218e2\" data-element_type=\"container\" data-settings=\"{&quot;content_width&quot;:&quot;full&quot;,&quot;animation&quot;:&quot;zoomIn&quot;,&quot;premium_particles_zindex&quot;:0,&quot;premium_particles_responsive&quot;:[&quot;desktop&quot;,&quot;tablet&quot;,&quot;mobile&quot;]}\">\n\t\t\t\t<div class=\"elementor-element elementor-element-bbbb6ee elementor-widget elementor-widget-image\" data-id=\"bbbb6ee\" data-element_type=\"widget\" data-widget_type=\"image.default\">\n\t\t\t\t<div class=\"elementor-widget-container\">\n\t\t\t<style>\/*! elementor - v3.19.0 - 28-02-2024 *\/\n.elementor-widget-image{text-align:center}.elementor-widget-image a{display:inline-block}.elementor-widget-image a img[src$=\".svg\"]{width:48px}.elementor-widget-image img{vertical-align:middle;display:inline-block}<\/style>\t\t\t\t\t\t\t\t\t\t<img fetchpriority=\"high\" decoding=\"async\" width=\"800\" height=\"606\" src=\"https:\/\/insteimed.com\/wp-content\/uploads\/2024\/01\/fachada-insteimed.jpg\" class=\"attachment-large size-large wp-image-218\" alt=\"\" srcset=\"https:\/\/insteimed.com\/wp-content\/uploads\/2024\/01\/fachada-insteimed.jpg 880w, https:\/\/insteimed.com\/wp-content\/uploads\/2024\/01\/fachada-insteimed-300x227.jpg 300w, https:\/\/insteimed.com\/wp-content\/uploads\/2024\/01\/fachada-insteimed-768x582.jpg 768w, https:\/\/insteimed.com\/wp-content\/uploads\/2024\/01\/fachada-insteimed-16x12.jpg 16w\" sizes=\"(max-width: 800px) 100vw, 800px\" \/>\t\t\t\t\t\t\t\t\t\t\t\t\t<\/div>\n\t\t\t\t<\/div>\n\t\t\t\t<\/div>\n\t\t<div class=\"elementor-element elementor-element-7134b31 e-con-full e-flex elementor-invisible e-con e-child\" data-id=\"7134b31\" data-element_type=\"container\" data-settings=\"{&quot;content_width&quot;:&quot;full&quot;,&quot;background_background&quot;:&quot;classic&quot;,&quot;animation&quot;:&quot;fadeInRight&quot;,&quot;premium_particles_zindex&quot;:0,&quot;premium_particles_responsive&quot;:[&quot;desktop&quot;,&quot;tablet&quot;,&quot;mobile&quot;]}\">\n\t\t\t\t<div class=\"elementor-element elementor-element-5dfb8c2 elementor-widget elementor-widget-heading\" data-id=\"5dfb8c2\" data-element_type=\"widget\" data-widget_type=\"heading.default\">\n\t\t\t\t<div class=\"elementor-widget-container\">\n\t\t\t<h2 class=\"elementor-heading-title elementor-size-default\">Insteimed<\/h2>\t\t<\/div>\n\t\t\t\t<\/div>\n\t\t\t\t<div class=\"elementor-element elementor-element-00b404b elementor-widget elementor-widget-text-editor\" data-id=\"00b404b\" data-element_type=\"widget\" data-widget_type=\"text-editor.default\">\n\t\t\t\t<div class=\"elementor-widget-container\">\n\t\t\t\t\t\t\t<p><strong>Insteimed<\/strong>&nbsp;is an Electrical Engineering and Installation company specialized in turnkey projects. It was founded in 2002 by a team with more than 20 years of experience acquired in the shipyard of Uni\u00f3n Naval de Levante, later Uni\u00f3n Naval de Valencia. Since its creation, it has a dynamic, multidisciplinary and involved team capable of executing projects of Electrical Installations in Ships, Yachts and in all the Industrial Sector. Insteimed has implemented the quality system ISO 9001, environment ISO 14001 and health and safety ISO 45001.<\/p>\n<p>Committed to Quality, Environment, Safety and Health at Work.<\/p>\t\t\t\t\t\t<\/div>\n\t\t\t\t<\/div>\n\t\t\t\t<\/div>\n\t\t\t\t\t<\/div>\n\t\t\t\t<\/div>\n\t\t<div class=\"elementor-element elementor-element-a2b75f8 e-flex e-con-boxed e-con e-parent\" data-id=\"a2b75f8\" data-element_type=\"container\" data-settings=\"{&quot;content_width&quot;:&quot;boxed&quot;,&quot;premium_particles_zindex&quot;:0,&quot;premium_particles_responsive&quot;:[&quot;desktop&quot;,&quot;tablet&quot;,&quot;mobile&quot;]}\" data-core-v316-plus=\"true\">\n\t\t\t\t\t<div class=\"e-con-inner\">\n\t\t\t\t<div class=\"elementor-element elementor-element-8ccae33 elementor-widget elementor-widget-heading\" data-id=\"8ccae33\" data-element_type=\"widget\" data-widget_type=\"heading.default\">\n\t\t\t\t<div class=\"elementor-widget-container\">\n\t\t\t<h2 class=\"elementor-heading-title elementor-size-default\">More than 20 years of experience <\/h2>\t\t<\/div>\n\t\t\t\t<\/div>\n\t\t\t\t<div class=\"elementor-element elementor-element-5d2f2d5 elementor-widget elementor-widget-heading\" data-id=\"5d2f2d5\" data-element_type=\"widget\" data-widget_type=\"heading.default\">\n\t\t\t\t<div class=\"elementor-widget-container\">\n\t\t\t<h3 class=\"elementor-heading-title elementor-size-default\">Performing Electrical Installations on Ships all over the World<\/h3>\t\t<\/div>\n\t\t\t\t<\/div>\n\t\t\t\t\t<\/div>\n\t\t\t\t<\/div>\n\t\t<div class=\"elementor-element elementor-element-38f99ed e-flex e-con-boxed e-con e-parent\" data-id=\"38f99ed\" data-element_type=\"container\" data-settings=\"{&quot;content_width&quot;:&quot;boxed&quot;,&quot;premium_particles_zindex&quot;:0,&quot;premium_particles_responsive&quot;:[&quot;desktop&quot;,&quot;tablet&quot;,&quot;mobile&quot;]}\" data-core-v316-plus=\"true\">\n\t\t\t\t\t<div class=\"e-con-inner\">\n\t\t<div class=\"elementor-element elementor-element-37d2f7e e-con-full e-flex e-con e-child\" data-id=\"37d2f7e\" data-element_type=\"container\" data-settings=\"{&quot;content_width&quot;:&quot;full&quot;,&quot;premium_particles_zindex&quot;:0,&quot;premium_particles_responsive&quot;:[&quot;desktop&quot;,&quot;tablet&quot;,&quot;mobile&quot;]}\">\n\t\t\t\t<div class=\"elementor-element elementor-element-21bdb45 elementor-widget elementor-widget-image\" data-id=\"21bdb45\" data-element_type=\"widget\" data-widget_type=\"image.default\">\n\t\t\t\t<div class=\"elementor-widget-container\">\n\t\t\t\t\t\t\t\t\t\t\t\t\t<img decoding=\"async\" width=\"800\" height=\"600\" src=\"https:\/\/insteimed.com\/wp-content\/uploads\/2024\/05\/espana-2.png\" class=\"attachment-large size-large wp-image-1683\" alt=\"\" srcset=\"https:\/\/insteimed.com\/wp-content\/uploads\/2024\/05\/espana-2.png 1024w, https:\/\/insteimed.com\/wp-content\/uploads\/2024\/05\/espana-2-300x225.png 300w, https:\/\/insteimed.com\/wp-content\/uploads\/2024\/05\/espana-2-768x576.png 768w, https:\/\/insteimed.com\/wp-content\/uploads\/2024\/05\/espana-2-16x12.png 16w\" sizes=\"(max-width: 800px) 100vw, 800px\" \/>\t\t\t\t\t\t\t\t\t\t\t\t\t<\/div>\n\t\t\t\t<\/div>\n\t\t\t\t<\/div>\n\t\t\t\t\t<\/div>\n\t\t\t\t<\/div>\n\t\t<div class=\"elementor-element elementor-element-3f50289 e-flex e-con-boxed e-con e-parent\" data-id=\"3f50289\" data-element_type=\"container\" data-settings=\"{&quot;content_width&quot;:&quot;boxed&quot;,&quot;premium_particles_zindex&quot;:0,&quot;premium_particles_responsive&quot;:[&quot;desktop&quot;,&quot;tablet&quot;,&quot;mobile&quot;]}\" data-core-v316-plus=\"true\">\n\t\t\t\t\t<div class=\"e-con-inner\">\n\t\t<div class=\"elementor-element elementor-element-e298bf0 e-con-full e-flex e-con e-child\" data-id=\"e298bf0\" data-element_type=\"container\" data-settings=\"{&quot;content_width&quot;:&quot;full&quot;,&quot;premium_particles_zindex&quot;:0,&quot;premium_particles_responsive&quot;:[&quot;desktop&quot;,&quot;tablet&quot;,&quot;mobile&quot;]}\">\n\t\t\t\t<div class=\"elementor-element elementor-element-482361e elementor-widget elementor-widget-heading\" data-id=\"482361e\" data-element_type=\"widget\" data-widget_type=\"heading.default\">\n\t\t\t\t<div class=\"elementor-widget-container\">\n\t\t\t<h2 class=\"elementor-heading-title elementor-size-default\">Our Mission<\/h2>\t\t<\/div>\n\t\t\t\t<\/div>\n\t\t\t\t<div class=\"elementor-element elementor-element-1a124f1 elementor-widget elementor-widget-text-editor\" data-id=\"1a124f1\" data-element_type=\"widget\" data-widget_type=\"text-editor.default\">\n\t\t\t\t<div class=\"elementor-widget-container\">\n\t\t\t\t\t\t\t<p>To be a reference in the naval sector and to be competitive in the industrial sector, while we aim to be an example of sustainability, good professional practices and occupational health and safety.<\/p>\t\t\t\t\t\t<\/div>\n\t\t\t\t<\/div>\n\t\t\t\t<div class=\"elementor-element elementor-element-7b555e9 elementor-widget elementor-widget-premium-addon-button\" data-id=\"7b555e9\" data-element_type=\"widget\" data-widget_type=\"premium-addon-button.default\">\n\t\t\t\t<div class=\"elementor-widget-container\">\n\t\t\t\r\n\r\n\t\t<a class=\"premium-button premium-button-style6 premium-btn-md premium-button-style6\" href=\"https:\/\/insteimed.com\/en\/contacto\/\">\r\n\t\t\t<div class=\"premium-button-text-icon-wrapper\">\r\n\t\t\t\t\r\n                                    <span >\r\n                        Shall we talk?                    <\/span>\r\n                \r\n                <!-- After Icon -->\r\n\t\t\t\t\t\t\t<\/div>\r\n\r\n\t\t\t\r\n\t\t\t\r\n            \r\n\t\t<\/a>\r\n\r\n\r\n\t\t\t\t<\/div>\n\t\t\t\t<\/div>\n\t\t\t\t<\/div>\n\t\t\t\t\t<\/div>\n\t\t\t\t<\/div>\n\t\t\t\t<\/div>","protected":false},"excerpt":{"rendered":"<p>Our knowledge as a company specialized in the naval sector has trained us in unusual technologies and demanding environments within the industrial sector. Insteimed Insteimed is an Electrical Engineering and Installation company specialized in turnkey projects. It was founded in 2002 by a team with more than 20 years of experience acquired in the naval [...]<\/p>","protected":false},"author":1,"featured_media":1479,"parent":0,"menu_order":0,"comment_status":"closed","ping_status":"closed","template":"","meta":{"footnotes":""},"class_list":["post-51","page","type-page","status-publish","has-post-thumbnail","hentry"],"yoast_head":"<!-- This site is optimized with the Yoast SEO plugin v22.2 - https:\/\/yoast.com\/wordpress\/plugins\/seo\/ -->\n<title>Con\u00f3cenos - Insteimed<\/title>\n<meta name=\"robots\" content=\"index, follow, max-snippet:-1, max-image-preview:large, max-video-preview:-1\" \/>\n<link rel=\"canonical\" href=\"https:\/\/insteimed.com\/en\/conocenos\/\" \/>\n<meta property=\"og:locale\" content=\"en_US\" \/>\n<meta property=\"og:type\" content=\"article\" \/>\n<meta property=\"og:title\" content=\"Con\u00f3cenos - Insteimed\" \/>\n<meta property=\"og:description\" content=\"Nuestro conocimiento como empresa especializada en el sector naval nos ha formado en tecnolog\u00edas poco habituales y ambientes exigentes dentro del sector industrial. Insteimed Insteimed&nbsp;es una empresa de Ingenier\u00eda e Instalaciones El\u00e9ctricas especializada en proyectos llave en mano. Fue fundada en 2002 por un equipo con m\u00e1s de 20 a\u00f1os de experiencia adquirida en el [&hellip;]\" \/>\n<meta property=\"og:url\" content=\"https:\/\/insteimed.com\/en\/conocenos\/\" \/>\n<meta property=\"og:site_name\" content=\"Insteimed\" \/>\n<meta property=\"article:modified_time\" content=\"2024-05-16T13:04:35+00:00\" \/>\n<meta property=\"og:image\" content=\"https:\/\/insteimed.com\/wp-content\/uploads\/2024\/03\/CONTACTO-INSTEIMED.jpg\" \/>\n\t<meta property=\"og:image:width\" content=\"2000\" \/>\n\t<meta property=\"og:image:height\" content=\"665\" \/>\n\t<meta property=\"og:image:type\" content=\"image\/jpeg\" \/>\n<meta name=\"twitter:card\" content=\"summary_large_image\" \/>\n<meta name=\"twitter:label1\" content=\"Est. reading time\" \/>\n\t<meta name=\"twitter:data1\" content=\"2 minutes\" \/>\n<script type=\"application\/ld+json\" class=\"yoast-schema-graph\">{\"@context\":\"https:\/\/schema.org\",\"@graph\":[{\"@type\":\"WebPage\",\"@id\":\"https:\/\/insteimed.com\/conocenos\/\",\"url\":\"https:\/\/insteimed.com\/conocenos\/\",\"name\":\"Con\u00f3cenos - Insteimed\",\"isPartOf\":{\"@id\":\"https:\/\/insteimed.com\/#website\"},\"primaryImageOfPage\":{\"@id\":\"https:\/\/insteimed.com\/conocenos\/#primaryimage\"},\"image\":{\"@id\":\"https:\/\/insteimed.com\/conocenos\/#primaryimage\"},\"thumbnailUrl\":\"https:\/\/insteimed.com\/wp-content\/uploads\/2024\/03\/CONTACTO-INSTEIMED.jpg\",\"datePublished\":\"2024-01-08T16:49:39+00:00\",\"dateModified\":\"2024-05-16T13:04:35+00:00\",\"breadcrumb\":{\"@id\":\"https:\/\/insteimed.com\/conocenos\/#breadcrumb\"},\"inLanguage\":\"en-US\",\"potentialAction\":[{\"@type\":\"ReadAction\",\"target\":[\"https:\/\/insteimed.com\/conocenos\/\"]}]},{\"@type\":\"ImageObject\",\"inLanguage\":\"en-US\",\"@id\":\"https:\/\/insteimed.com\/conocenos\/#primaryimage\",\"url\":\"https:\/\/insteimed.com\/wp-content\/uploads\/2024\/03\/CONTACTO-INSTEIMED.jpg\",\"contentUrl\":\"https:\/\/insteimed.com\/wp-content\/uploads\/2024\/03\/CONTACTO-INSTEIMED.jpg\",\"width\":2000,\"height\":665},{\"@type\":\"BreadcrumbList\",\"@id\":\"https:\/\/insteimed.com\/conocenos\/#breadcrumb\",\"itemListElement\":[{\"@type\":\"ListItem\",\"position\":1,\"name\":\"Portada\",\"item\":\"https:\/\/insteimed.com\/\"},{\"@type\":\"ListItem\",\"position\":2,\"name\":\"Con\u00f3cenos\"}]},{\"@type\":\"WebSite\",\"@id\":\"https:\/\/insteimed.com\/#website\",\"url\":\"https:\/\/insteimed.com\/\",\"name\":\"Insteimed\",\"description\":\"Sistemas el\u00e9ctricos sector naval\",\"publisher\":{\"@id\":\"https:\/\/insteimed.com\/#organization\"},\"potentialAction\":[{\"@type\":\"SearchAction\",\"target\":{\"@type\":\"EntryPoint\",\"urlTemplate\":\"https:\/\/insteimed.com\/?s={search_term_string}\"},\"query-input\":\"required name=search_term_string\"}],\"inLanguage\":\"en-US\"},{\"@type\":\"Organization\",\"@id\":\"https:\/\/insteimed.com\/#organization\",\"name\":\"Insteimed\",\"url\":\"https:\/\/insteimed.com\/\",\"logo\":{\"@type\":\"ImageObject\",\"inLanguage\":\"en-US\",\"@id\":\"https:\/\/insteimed.com\/#\/schema\/logo\/image\/\",\"url\":\"https:\/\/insteimed.com\/wp-content\/uploads\/2024\/01\/LOGO-insteimed.png\",\"contentUrl\":\"https:\/\/insteimed.com\/wp-content\/uploads\/2024\/01\/LOGO-insteimed.png\",\"width\":800,\"height\":264,\"caption\":\"Insteimed\"},\"image\":{\"@id\":\"https:\/\/insteimed.com\/#\/schema\/logo\/image\/\"}}]}<\/script>\n<!-- \/ Yoast SEO plugin. -->","yoast_head_json":{"title":"Con\u00f3cenos - Insteimed","robots":{"index":"index","follow":"follow","max-snippet":"max-snippet:-1","max-image-preview":"max-image-preview:large","max-video-preview":"max-video-preview:-1"},"canonical":"https:\/\/insteimed.com\/en\/conocenos\/","og_locale":"en_US","og_type":"article","og_title":"Con\u00f3cenos - Insteimed","og_description":"Nuestro conocimiento como empresa especializada en el sector naval nos ha formado en tecnolog\u00edas poco habituales y ambientes exigentes dentro del sector industrial. Insteimed Insteimed&nbsp;es una empresa de Ingenier\u00eda e Instalaciones El\u00e9ctricas especializada en proyectos llave en mano. Fue fundada en 2002 por un equipo con m\u00e1s de 20 a\u00f1os de experiencia adquirida en el [&hellip;]","og_url":"https:\/\/insteimed.com\/en\/conocenos\/","og_site_name":"Insteimed","article_modified_time":"2024-05-16T13:04:35+00:00","og_image":[{"width":2000,"height":665,"url":"https:\/\/insteimed.com\/wp-content\/uploads\/2024\/03\/CONTACTO-INSTEIMED.jpg","type":"image\/jpeg"}],"twitter_card":"summary_large_image","twitter_misc":{"Est. reading time":"2 minutes"},"schema":{"@context":"https:\/\/schema.org","@graph":[{"@type":"WebPage","@id":"https:\/\/insteimed.com\/conocenos\/","url":"https:\/\/insteimed.com\/conocenos\/","name":"Con\u00f3cenos - Insteimed","isPartOf":{"@id":"https:\/\/insteimed.com\/#website"},"primaryImageOfPage":{"@id":"https:\/\/insteimed.com\/conocenos\/#primaryimage"},"image":{"@id":"https:\/\/insteimed.com\/conocenos\/#primaryimage"},"thumbnailUrl":"https:\/\/insteimed.com\/wp-content\/uploads\/2024\/03\/CONTACTO-INSTEIMED.jpg","datePublished":"2024-01-08T16:49:39+00:00","dateModified":"2024-05-16T13:04:35+00:00","breadcrumb":{"@id":"https:\/\/insteimed.com\/conocenos\/#breadcrumb"},"inLanguage":"en-US","potentialAction":[{"@type":"ReadAction","target":["https:\/\/insteimed.com\/conocenos\/"]}]},{"@type":"ImageObject","inLanguage":"en-US","@id":"https:\/\/insteimed.com\/conocenos\/#primaryimage","url":"https:\/\/insteimed.com\/wp-content\/uploads\/2024\/03\/CONTACTO-INSTEIMED.jpg","contentUrl":"https:\/\/insteimed.com\/wp-content\/uploads\/2024\/03\/CONTACTO-INSTEIMED.jpg","width":2000,"height":665},{"@type":"BreadcrumbList","@id":"https:\/\/insteimed.com\/conocenos\/#breadcrumb","itemListElement":[{"@type":"ListItem","position":1,"name":"Portada","item":"https:\/\/insteimed.com\/"},{"@type":"ListItem","position":2,"name":"Con\u00f3cenos"}]},{"@type":"WebSite","@id":"https:\/\/insteimed.com\/#website","url":"https:\/\/insteimed.com\/","name":"Insteimed","description":"Sistemas el\u00e9ctricos sector naval","publisher":{"@id":"https:\/\/insteimed.com\/#organization"},"potentialAction":[{"@type":"SearchAction","target":{"@type":"EntryPoint","urlTemplate":"https:\/\/insteimed.com\/?s={search_term_string}"},"query-input":"required name=search_term_string"}],"inLanguage":"en-US"},{"@type":"Organization","@id":"https:\/\/insteimed.com\/#organization","name":"Insteimed","url":"https:\/\/insteimed.com\/","logo":{"@type":"ImageObject","inLanguage":"en-US","@id":"https:\/\/insteimed.com\/#\/schema\/logo\/image\/","url":"https:\/\/insteimed.com\/wp-content\/uploads\/2024\/01\/LOGO-insteimed.png","contentUrl":"https:\/\/insteimed.com\/wp-content\/uploads\/2024\/01\/LOGO-insteimed.png","width":800,"height":264,"caption":"Insteimed"},"image":{"@id":"https:\/\/insteimed.com\/#\/schema\/logo\/image\/"}}]}},"_links":{"self":[{"href":"https:\/\/insteimed.com\/en\/wp-json\/wp\/v2\/pages\/51","targetHints":{"allow":["GET"]}}],"collection":[{"href":"https:\/\/insteimed.com\/en\/wp-json\/wp\/v2\/pages"}],"about":[{"href":"https:\/\/insteimed.com\/en\/wp-json\/wp\/v2\/types\/page"}],"author":[{"embeddable":true,"href":"https:\/\/insteimed.com\/en\/wp-json\/wp\/v2\/users\/1"}],"replies":[{"embeddable":true,"href":"https:\/\/insteimed.com\/en\/wp-json\/wp\/v2\/comments?post=51"}],"version-history":[{"count":79,"href":"https:\/\/insteimed.com\/en\/wp-json\/wp\/v2\/pages\/51\/revisions"}],"predecessor-version":[{"id":1686,"href":"https:\/\/insteimed.com\/en\/wp-json\/wp\/v2\/pages\/51\/revisions\/1686"}],"wp:featuredmedia":[{"embeddable":true,"href":"https:\/\/insteimed.com\/en\/wp-json\/wp\/v2\/media\/1479"}],"wp:attachment":[{"href":"https:\/\/insteimed.com\/en\/wp-json\/wp\/v2\/media?parent=51"}],"curies":[{"name":"wp","href":"https:\/\/api.w.org\/{rel}","templated":true}]}}