{"id":37,"date":"2024-01-08T17:46:32","date_gmt":"2024-01-08T16:46:32","guid":{"rendered":"https:\/\/insteimed.com\/new\/?page_id=37"},"modified":"2024-05-16T15:54:35","modified_gmt":"2024-05-16T13:54:35","slug":"mantenimiento_pruebas","status":"publish","type":"page","link":"https:\/\/insteimed.com\/en\/mantenimiento_pruebas\/","title":{"rendered":"Maintenance and Testing"},"content":{"rendered":"<div data-elementor-type=\"wp-page\" data-elementor-id=\"37\" class=\"elementor elementor-37\" data-elementor-settings=\"{&quot;premium_particles_zindex&quot;:0,&quot;premium_particles_responsive&quot;:[&quot;desktop&quot;,&quot;tablet&quot;,&quot;mobile&quot;]}\" data-elementor-post-type=\"page\">\n\t\t\t\t<div class=\"elementor-element elementor-element-91604d7 e-flex e-con-boxed e-con e-parent\" data-id=\"91604d7\" data-element_type=\"container\" data-settings=\"{&quot;background_background&quot;:&quot;classic&quot;,&quot;content_width&quot;:&quot;boxed&quot;,&quot;premium_particles_zindex&quot;:0,&quot;premium_particles_responsive&quot;:[&quot;desktop&quot;,&quot;tablet&quot;,&quot;mobile&quot;]}\" data-core-v316-plus=\"true\">\n\t\t\t\t\t<div class=\"e-con-inner\">\n\t\t\t\t<div class=\"elementor-element elementor-element-1c70a69 elementor-widget elementor-widget-heading\" data-id=\"1c70a69\" data-element_type=\"widget\" data-widget_type=\"heading.default\">\n\t\t\t\t<div class=\"elementor-widget-container\">\n\t\t\t<style>\/*! elementor - v3.19.0 - 28-02-2024 *\/\n.elementor-heading-title{padding:0;margin:0;line-height:1}.elementor-widget-heading .elementor-heading-title[class*=elementor-size-]>a{color:inherit;font-size:inherit;line-height:inherit}.elementor-widget-heading .elementor-heading-title.elementor-size-small{font-size:15px}.elementor-widget-heading .elementor-heading-title.elementor-size-medium{font-size:19px}.elementor-widget-heading .elementor-heading-title.elementor-size-large{font-size:29px}.elementor-widget-heading .elementor-heading-title.elementor-size-xl{font-size:39px}.elementor-widget-heading .elementor-heading-title.elementor-size-xxl{font-size:59px}<\/style><h1 class=\"elementor-heading-title elementor-size-default\">Maintenance and Testing<\/h1>\t\t<\/div>\n\t\t\t\t<\/div>\n\t\t\t\t<div class=\"elementor-element elementor-element-2893594 elementor-widget elementor-widget-text-editor\" data-id=\"2893594\" data-element_type=\"widget\" data-widget_type=\"text-editor.default\">\n\t\t\t\t<div class=\"elementor-widget-container\">\n\t\t\t<style>\/*! elementor - v3.19.0 - 28-02-2024 *\/\n.elementor-widget-text-editor.elementor-drop-cap-view-stacked .elementor-drop-cap{background-color:#69727d;color:#fff}.elementor-widget-text-editor.elementor-drop-cap-view-framed .elementor-drop-cap{color:#69727d;border:3px solid;background-color:transparent}.elementor-widget-text-editor:not(.elementor-drop-cap-view-default) .elementor-drop-cap{margin-top:8px}.elementor-widget-text-editor:not(.elementor-drop-cap-view-default) .elementor-drop-cap-letter{width:1em;height:1em}.elementor-widget-text-editor .elementor-drop-cap{float:left;text-align:center;line-height:1;font-size:50px}.elementor-widget-text-editor .elementor-drop-cap-letter{display:inline-block}<\/style>\t\t\t\tReady to provide immediate solutions\t\t\t\t\t\t<\/div>\n\t\t\t\t<\/div>\n\t\t\t\t\t<\/div>\n\t\t\t\t<\/div>\n\t\t<div class=\"elementor-element elementor-element-b04ade5 e-flex e-con-boxed e-con e-parent\" data-id=\"b04ade5\" data-element_type=\"container\" data-settings=\"{&quot;content_width&quot;:&quot;boxed&quot;,&quot;premium_particles_zindex&quot;:0,&quot;premium_particles_responsive&quot;:[&quot;desktop&quot;,&quot;tablet&quot;,&quot;mobile&quot;]}\" data-core-v316-plus=\"true\">\n\t\t\t\t\t<div class=\"e-con-inner\">\n\t\t\t\t<div class=\"elementor-element elementor-element-f501c95 elementor-widget elementor-widget-heading\" data-id=\"f501c95\" data-element_type=\"widget\" data-widget_type=\"heading.default\">\n\t\t\t\t<div class=\"elementor-widget-container\">\n\t\t\t<h2 class=\"elementor-heading-title elementor-size-default\">PERFORMANCE AND CONTROL<\/h2>\t\t<\/div>\n\t\t\t\t<\/div>\n\t\t\t\t<div class=\"elementor-element elementor-element-7321ba6 elementor-widget elementor-widget-text-editor\" data-id=\"7321ba6\" data-element_type=\"widget\" data-widget_type=\"text-editor.default\">\n\t\t\t\t<div class=\"elementor-widget-container\">\n\t\t\t\t\t\t\t<p>Redesign, test, or expand any installation. We innovate to offer you the best.<\/p>\t\t\t\t\t\t<\/div>\n\t\t\t\t<\/div>\n\t\t\t\t\t<\/div>\n\t\t\t\t<\/div>\n\t\t<div class=\"elementor-element elementor-element-57f5e38 e-flex e-con-boxed e-con e-parent\" data-id=\"57f5e38\" data-element_type=\"container\" data-settings=\"{&quot;content_width&quot;:&quot;boxed&quot;,&quot;premium_particles_zindex&quot;:0,&quot;premium_particles_responsive&quot;:[&quot;desktop&quot;,&quot;tablet&quot;,&quot;mobile&quot;]}\" data-core-v316-plus=\"true\">\n\t\t\t\t\t<div class=\"e-con-inner\">\n\t\t<div class=\"elementor-element elementor-element-c5acaff e-con-full e-flex elementor-invisible e-con e-child\" data-id=\"c5acaff\" data-element_type=\"container\" data-settings=\"{&quot;content_width&quot;:&quot;full&quot;,&quot;animation&quot;:&quot;zoomIn&quot;,&quot;premium_particles_zindex&quot;:0,&quot;premium_particles_responsive&quot;:[&quot;desktop&quot;,&quot;tablet&quot;,&quot;mobile&quot;]}\">\n\t\t\t\t<div class=\"elementor-element elementor-element-23a8ab6 elementor-widget elementor-widget-image\" data-id=\"23a8ab6\" data-element_type=\"widget\" data-widget_type=\"image.default\">\n\t\t\t\t<div class=\"elementor-widget-container\">\n\t\t\t<style>\/*! elementor - v3.19.0 - 28-02-2024 *\/\n.elementor-widget-image{text-align:center}.elementor-widget-image a{display:inline-block}.elementor-widget-image a img[src$=\".svg\"]{width:48px}.elementor-widget-image img{vertical-align:middle;display:inline-block}<\/style>\t\t\t\t\t\t\t\t\t\t<img decoding=\"async\" src=\"https:\/\/insteimed.com\/wp-content\/uploads\/2024\/04\/b683f315-e468-4ed3-9e8b-f3235112e372.jpg\" title=\"b683f315-e468-4ed3-9e8b-f3235112e372\" alt=\"b683f315-e468-4ed3-9e8b-f3235112e372\" loading=\"lazy\" \/>\t\t\t\t\t\t\t\t\t\t\t\t\t<\/div>\n\t\t\t\t<\/div>\n\t\t\t\t<\/div>\n\t\t<div class=\"elementor-element elementor-element-0ee251d e-con-full e-flex elementor-invisible e-con e-child\" data-id=\"0ee251d\" data-element_type=\"container\" data-settings=\"{&quot;content_width&quot;:&quot;full&quot;,&quot;background_background&quot;:&quot;classic&quot;,&quot;animation&quot;:&quot;fadeInRight&quot;,&quot;premium_particles_zindex&quot;:0,&quot;premium_particles_responsive&quot;:[&quot;desktop&quot;,&quot;tablet&quot;,&quot;mobile&quot;]}\">\n\t\t\t\t<div class=\"elementor-element elementor-element-80802b5 elementor-widget elementor-widget-heading\" data-id=\"80802b5\" data-element_type=\"widget\" data-widget_type=\"heading.default\">\n\t\t\t\t<div class=\"elementor-widget-container\">\n\t\t\t<h6 class=\"elementor-heading-title elementor-size-default\">SERVICES<\/h6>\t\t<\/div>\n\t\t\t\t<\/div>\n\t\t\t\t<div class=\"elementor-element elementor-element-1bc3ff2 elementor-widget elementor-widget-heading\" data-id=\"1bc3ff2\" data-element_type=\"widget\" data-widget_type=\"heading.default\">\n\t\t\t\t<div class=\"elementor-widget-container\">\n\t\t\t<h2 class=\"elementor-heading-title elementor-size-default\">Maintenance and testing<\/h2>\t\t<\/div>\n\t\t\t\t<\/div>\n\t\t\t\t<div class=\"elementor-element elementor-element-80e9163 elementor-widget elementor-widget-text-editor\" data-id=\"80e9163\" data-element_type=\"widget\" data-widget_type=\"text-editor.default\">\n\t\t\t\t<div class=\"elementor-widget-container\">\n\t\t\t\t\t\t\t<ul>\n<li>Test reports.<\/li>\n<li>Preventive, predictive and corrective maintenance.<\/li>\n<li>Thermography (FLIR).<\/li>\n<li>Network and equipment analysis.<\/li><li>Megger test.<\/li>\n<li>Power Plant Test with Load Bank.<\/li>\n<li>FAT &amp; HAT<\/li>\n<\/ul>\t\t\t\t\t\t<\/div>\n\t\t\t\t<\/div>\n\t\t\t\t<div class=\"elementor-element elementor-element-2b7c216 elementor-widget elementor-widget-premium-addon-button\" data-id=\"2b7c216\" data-element_type=\"widget\" data-widget_type=\"premium-addon-button.default\">\n\t\t\t\t<div class=\"elementor-widget-container\">\n\t\t\t\r\n\r\n\t\t<a class=\"premium-button premium-button-style6 premium-btn-md premium-button-style6\" href=\"https:\/\/insteimed.com\/en\/contacto\/\">\r\n\t\t\t<div class=\"premium-button-text-icon-wrapper\">\r\n\t\t\t\t\r\n                                    <span >\r\n                        Let's talk                    <\/span>\r\n                \r\n                <!-- After Icon -->\r\n\t\t\t\t\t\t\t<\/div>\r\n\r\n\t\t\t\r\n\t\t\t\r\n            \r\n\t\t<\/a>\r\n\r\n\r\n\t\t\t\t<\/div>\n\t\t\t\t<\/div>\n\t\t\t\t<\/div>\n\t\t\t\t\t<\/div>\n\t\t\t\t<\/div>\n\t\t\t\t<\/div>","protected":false},"excerpt":{"rendered":"<p>Ready to provide immediate solutions PERFORMANCE AND CONTROL Redesign, test, or expand any installation. We innovate to offer you the best. SERVICES Maintenance and testing Test reports. Preventive, predictive and corrective maintenance. Thermographies (FLIR). Network and equipment analysis. Megger test. Power Plant Test with Load Bank. FAT &amp; HAT Let's talk<\/p>","protected":false},"author":1,"featured_media":0,"parent":0,"menu_order":0,"comment_status":"closed","ping_status":"closed","template":"","meta":{"footnotes":""},"class_list":["post-37","page","type-page","status-publish","hentry"],"yoast_head":"<!-- This site is optimized with the Yoast SEO plugin v22.2 - https:\/\/yoast.com\/wordpress\/plugins\/seo\/ -->\n<title>Mantenimiento y Pruebas - Insteimed<\/title>\n<meta name=\"robots\" content=\"index, follow, max-snippet:-1, max-image-preview:large, max-video-preview:-1\" \/>\n<link rel=\"canonical\" href=\"https:\/\/insteimed.com\/en\/mantenimiento_pruebas\/\" \/>\n<meta property=\"og:locale\" content=\"en_US\" \/>\n<meta property=\"og:type\" content=\"article\" \/>\n<meta property=\"og:title\" content=\"Mantenimiento y Pruebas - Insteimed\" \/>\n<meta property=\"og:description\" content=\"Preparados para dar soluciones inmediatas RENDIMIENTO Y CONTROL Redise\u00f1ar, testear, o ampliar cualquier instalaci\u00f3n. Innovamos para ofrecerte lo mejor. SERVICIOS Mantenimiento y pruebas Informes de pruebas. Mantenimiento preventivo, predictivo y correctivo. Termograf\u00edas (FLIR). An\u00e1lisis de red y equipos. Megger test. Prueba de Planta El\u00e9ctrica con Banco de Carga. FAT &amp; HAT Hablemos\" \/>\n<meta property=\"og:url\" content=\"https:\/\/insteimed.com\/en\/mantenimiento_pruebas\/\" \/>\n<meta property=\"og:site_name\" content=\"Insteimed\" \/>\n<meta property=\"article:modified_time\" content=\"2024-05-16T13:54:35+00:00\" \/>\n<meta property=\"og:image\" content=\"https:\/\/insteimed.com\/wp-content\/uploads\/2024\/04\/b683f315-e468-4ed3-9e8b-f3235112e372.jpg\" \/>\n\t<meta property=\"og:image:width\" content=\"1200\" \/>\n\t<meta property=\"og:image:height\" content=\"1599\" \/>\n\t<meta property=\"og:image:type\" content=\"image\/jpeg\" \/>\n<meta name=\"twitter:card\" content=\"summary_large_image\" \/>\n<meta name=\"twitter:label1\" content=\"Est. reading time\" \/>\n\t<meta name=\"twitter:data1\" content=\"1 minute\" \/>\n<script type=\"application\/ld+json\" class=\"yoast-schema-graph\">{\"@context\":\"https:\/\/schema.org\",\"@graph\":[{\"@type\":\"WebPage\",\"@id\":\"https:\/\/insteimed.com\/mantenimiento_pruebas\/\",\"url\":\"https:\/\/insteimed.com\/mantenimiento_pruebas\/\",\"name\":\"Mantenimiento y Pruebas - Insteimed\",\"isPartOf\":{\"@id\":\"https:\/\/insteimed.com\/#website\"},\"primaryImageOfPage\":{\"@id\":\"https:\/\/insteimed.com\/mantenimiento_pruebas\/#primaryimage\"},\"image\":{\"@id\":\"https:\/\/insteimed.com\/mantenimiento_pruebas\/#primaryimage\"},\"thumbnailUrl\":\"https:\/\/insteimed.com\/wp-content\/uploads\/2024\/04\/b683f315-e468-4ed3-9e8b-f3235112e372.jpg\",\"datePublished\":\"2024-01-08T16:46:32+00:00\",\"dateModified\":\"2024-05-16T13:54:35+00:00\",\"breadcrumb\":{\"@id\":\"https:\/\/insteimed.com\/mantenimiento_pruebas\/#breadcrumb\"},\"inLanguage\":\"en-US\",\"potentialAction\":[{\"@type\":\"ReadAction\",\"target\":[\"https:\/\/insteimed.com\/mantenimiento_pruebas\/\"]}]},{\"@type\":\"ImageObject\",\"inLanguage\":\"en-US\",\"@id\":\"https:\/\/insteimed.com\/mantenimiento_pruebas\/#primaryimage\",\"url\":\"https:\/\/insteimed.com\/wp-content\/uploads\/2024\/04\/b683f315-e468-4ed3-9e8b-f3235112e372.jpg\",\"contentUrl\":\"https:\/\/insteimed.com\/wp-content\/uploads\/2024\/04\/b683f315-e468-4ed3-9e8b-f3235112e372.jpg\",\"width\":1200,\"height\":1599},{\"@type\":\"BreadcrumbList\",\"@id\":\"https:\/\/insteimed.com\/mantenimiento_pruebas\/#breadcrumb\",\"itemListElement\":[{\"@type\":\"ListItem\",\"position\":1,\"name\":\"Portada\",\"item\":\"https:\/\/insteimed.com\/\"},{\"@type\":\"ListItem\",\"position\":2,\"name\":\"Mantenimiento y Pruebas\"}]},{\"@type\":\"WebSite\",\"@id\":\"https:\/\/insteimed.com\/#website\",\"url\":\"https:\/\/insteimed.com\/\",\"name\":\"Insteimed\",\"description\":\"Sistemas el\u00e9ctricos sector naval\",\"publisher\":{\"@id\":\"https:\/\/insteimed.com\/#organization\"},\"potentialAction\":[{\"@type\":\"SearchAction\",\"target\":{\"@type\":\"EntryPoint\",\"urlTemplate\":\"https:\/\/insteimed.com\/?s={search_term_string}\"},\"query-input\":\"required name=search_term_string\"}],\"inLanguage\":\"en-US\"},{\"@type\":\"Organization\",\"@id\":\"https:\/\/insteimed.com\/#organization\",\"name\":\"Insteimed\",\"url\":\"https:\/\/insteimed.com\/\",\"logo\":{\"@type\":\"ImageObject\",\"inLanguage\":\"en-US\",\"@id\":\"https:\/\/insteimed.com\/#\/schema\/logo\/image\/\",\"url\":\"https:\/\/insteimed.com\/wp-content\/uploads\/2024\/01\/LOGO-insteimed.png\",\"contentUrl\":\"https:\/\/insteimed.com\/wp-content\/uploads\/2024\/01\/LOGO-insteimed.png\",\"width\":800,\"height\":264,\"caption\":\"Insteimed\"},\"image\":{\"@id\":\"https:\/\/insteimed.com\/#\/schema\/logo\/image\/\"}}]}<\/script>\n<!-- \/ Yoast SEO plugin. -->","yoast_head_json":{"title":"Mantenimiento y Pruebas - Insteimed","robots":{"index":"index","follow":"follow","max-snippet":"max-snippet:-1","max-image-preview":"max-image-preview:large","max-video-preview":"max-video-preview:-1"},"canonical":"https:\/\/insteimed.com\/en\/mantenimiento_pruebas\/","og_locale":"en_US","og_type":"article","og_title":"Mantenimiento y Pruebas - Insteimed","og_description":"Preparados para dar soluciones inmediatas RENDIMIENTO Y CONTROL Redise\u00f1ar, testear, o ampliar cualquier instalaci\u00f3n. Innovamos para ofrecerte lo mejor. SERVICIOS Mantenimiento y pruebas Informes de pruebas. Mantenimiento preventivo, predictivo y correctivo. Termograf\u00edas (FLIR). An\u00e1lisis de red y equipos. Megger test. Prueba de Planta El\u00e9ctrica con Banco de Carga. FAT &amp; HAT Hablemos","og_url":"https:\/\/insteimed.com\/en\/mantenimiento_pruebas\/","og_site_name":"Insteimed","article_modified_time":"2024-05-16T13:54:35+00:00","og_image":[{"width":1200,"height":1599,"url":"https:\/\/insteimed.com\/wp-content\/uploads\/2024\/04\/b683f315-e468-4ed3-9e8b-f3235112e372.jpg","type":"image\/jpeg"}],"twitter_card":"summary_large_image","twitter_misc":{"Est. reading time":"1 minute"},"schema":{"@context":"https:\/\/schema.org","@graph":[{"@type":"WebPage","@id":"https:\/\/insteimed.com\/mantenimiento_pruebas\/","url":"https:\/\/insteimed.com\/mantenimiento_pruebas\/","name":"Mantenimiento y Pruebas - Insteimed","isPartOf":{"@id":"https:\/\/insteimed.com\/#website"},"primaryImageOfPage":{"@id":"https:\/\/insteimed.com\/mantenimiento_pruebas\/#primaryimage"},"image":{"@id":"https:\/\/insteimed.com\/mantenimiento_pruebas\/#primaryimage"},"thumbnailUrl":"https:\/\/insteimed.com\/wp-content\/uploads\/2024\/04\/b683f315-e468-4ed3-9e8b-f3235112e372.jpg","datePublished":"2024-01-08T16:46:32+00:00","dateModified":"2024-05-16T13:54:35+00:00","breadcrumb":{"@id":"https:\/\/insteimed.com\/mantenimiento_pruebas\/#breadcrumb"},"inLanguage":"en-US","potentialAction":[{"@type":"ReadAction","target":["https:\/\/insteimed.com\/mantenimiento_pruebas\/"]}]},{"@type":"ImageObject","inLanguage":"en-US","@id":"https:\/\/insteimed.com\/mantenimiento_pruebas\/#primaryimage","url":"https:\/\/insteimed.com\/wp-content\/uploads\/2024\/04\/b683f315-e468-4ed3-9e8b-f3235112e372.jpg","contentUrl":"https:\/\/insteimed.com\/wp-content\/uploads\/2024\/04\/b683f315-e468-4ed3-9e8b-f3235112e372.jpg","width":1200,"height":1599},{"@type":"BreadcrumbList","@id":"https:\/\/insteimed.com\/mantenimiento_pruebas\/#breadcrumb","itemListElement":[{"@type":"ListItem","position":1,"name":"Portada","item":"https:\/\/insteimed.com\/"},{"@type":"ListItem","position":2,"name":"Mantenimiento y Pruebas"}]},{"@type":"WebSite","@id":"https:\/\/insteimed.com\/#website","url":"https:\/\/insteimed.com\/","name":"Insteimed","description":"Sistemas el\u00e9ctricos sector naval","publisher":{"@id":"https:\/\/insteimed.com\/#organization"},"potentialAction":[{"@type":"SearchAction","target":{"@type":"EntryPoint","urlTemplate":"https:\/\/insteimed.com\/?s={search_term_string}"},"query-input":"required name=search_term_string"}],"inLanguage":"en-US"},{"@type":"Organization","@id":"https:\/\/insteimed.com\/#organization","name":"Insteimed","url":"https:\/\/insteimed.com\/","logo":{"@type":"ImageObject","inLanguage":"en-US","@id":"https:\/\/insteimed.com\/#\/schema\/logo\/image\/","url":"https:\/\/insteimed.com\/wp-content\/uploads\/2024\/01\/LOGO-insteimed.png","contentUrl":"https:\/\/insteimed.com\/wp-content\/uploads\/2024\/01\/LOGO-insteimed.png","width":800,"height":264,"caption":"Insteimed"},"image":{"@id":"https:\/\/insteimed.com\/#\/schema\/logo\/image\/"}}]}},"_links":{"self":[{"href":"https:\/\/insteimed.com\/en\/wp-json\/wp\/v2\/pages\/37","targetHints":{"allow":["GET"]}}],"collection":[{"href":"https:\/\/insteimed.com\/en\/wp-json\/wp\/v2\/pages"}],"about":[{"href":"https:\/\/insteimed.com\/en\/wp-json\/wp\/v2\/types\/page"}],"author":[{"embeddable":true,"href":"https:\/\/insteimed.com\/en\/wp-json\/wp\/v2\/users\/1"}],"replies":[{"embeddable":true,"href":"https:\/\/insteimed.com\/en\/wp-json\/wp\/v2\/comments?post=37"}],"version-history":[{"count":22,"href":"https:\/\/insteimed.com\/en\/wp-json\/wp\/v2\/pages\/37\/revisions"}],"predecessor-version":[{"id":1700,"href":"https:\/\/insteimed.com\/en\/wp-json\/wp\/v2\/pages\/37\/revisions\/1700"}],"wp:attachment":[{"href":"https:\/\/insteimed.com\/en\/wp-json\/wp\/v2\/media?parent=37"}],"curies":[{"name":"wp","href":"https:\/\/api.w.org\/{rel}","templated":true}]}}