{"id":33,"date":"2024-01-08T17:45:34","date_gmt":"2024-01-08T16:45:34","guid":{"rendered":"https:\/\/insteimed.com\/new\/?page_id=33"},"modified":"2024-03-11T13:47:04","modified_gmt":"2024-03-11T12:47:04","slug":"montaje_sistemas_electricos_sector_naval","status":"publish","type":"page","link":"https:\/\/insteimed.com\/en\/montaje_sistemas_electricos_sector_naval\/","title":{"rendered":"Assembly and Connection"},"content":{"rendered":"<div data-elementor-type=\"wp-page\" data-elementor-id=\"33\" class=\"elementor elementor-33\" data-elementor-settings=\"{&quot;premium_particles_zindex&quot;:0,&quot;premium_particles_responsive&quot;:[&quot;desktop&quot;,&quot;tablet&quot;,&quot;mobile&quot;]}\" data-elementor-post-type=\"page\">\n\t\t\t\t<div class=\"elementor-element elementor-element-b6a6e6d e-flex e-con-boxed e-con e-parent\" data-id=\"b6a6e6d\" data-element_type=\"container\" data-settings=\"{&quot;background_background&quot;:&quot;classic&quot;,&quot;content_width&quot;:&quot;boxed&quot;,&quot;premium_particles_zindex&quot;:0,&quot;premium_particles_responsive&quot;:[&quot;desktop&quot;,&quot;tablet&quot;,&quot;mobile&quot;]}\" data-core-v316-plus=\"true\">\n\t\t\t\t\t<div class=\"e-con-inner\">\n\t\t\t\t<div class=\"elementor-element elementor-element-5ebd771 elementor-widget elementor-widget-heading\" data-id=\"5ebd771\" data-element_type=\"widget\" data-widget_type=\"heading.default\">\n\t\t\t\t<div class=\"elementor-widget-container\">\n\t\t\t<style>\/*! elementor - v3.19.0 - 28-02-2024 *\/\n.elementor-heading-title{padding:0;margin:0;line-height:1}.elementor-widget-heading .elementor-heading-title[class*=elementor-size-]>a{color:inherit;font-size:inherit;line-height:inherit}.elementor-widget-heading .elementor-heading-title.elementor-size-small{font-size:15px}.elementor-widget-heading .elementor-heading-title.elementor-size-medium{font-size:19px}.elementor-widget-heading .elementor-heading-title.elementor-size-large{font-size:29px}.elementor-widget-heading .elementor-heading-title.elementor-size-xl{font-size:39px}.elementor-widget-heading .elementor-heading-title.elementor-size-xxl{font-size:59px}<\/style><h1 class=\"elementor-heading-title elementor-size-default\">Assembly and Connection<\/h1>\t\t<\/div>\n\t\t\t\t<\/div>\n\t\t\t\t<div class=\"elementor-element elementor-element-8af660c elementor-widget elementor-widget-text-editor\" data-id=\"8af660c\" data-element_type=\"widget\" data-widget_type=\"text-editor.default\">\n\t\t\t\t<div class=\"elementor-widget-container\">\n\t\t\t<style>\/*! elementor - v3.19.0 - 28-02-2024 *\/\n.elementor-widget-text-editor.elementor-drop-cap-view-stacked .elementor-drop-cap{background-color:#69727d;color:#fff}.elementor-widget-text-editor.elementor-drop-cap-view-framed .elementor-drop-cap{color:#69727d;border:3px solid;background-color:transparent}.elementor-widget-text-editor:not(.elementor-drop-cap-view-default) .elementor-drop-cap{margin-top:8px}.elementor-widget-text-editor:not(.elementor-drop-cap-view-default) .elementor-drop-cap-letter{width:1em;height:1em}.elementor-widget-text-editor .elementor-drop-cap{float:left;text-align:center;line-height:1;font-size:50px}.elementor-widget-text-editor .elementor-drop-cap-letter{display:inline-block}<\/style>\t\t\t\tConnect with the best performance\t\t\t\t\t\t<\/div>\n\t\t\t\t<\/div>\n\t\t\t\t\t<\/div>\n\t\t\t\t<\/div>\n\t\t<div class=\"elementor-element elementor-element-223ab35 e-flex e-con-boxed e-con e-parent\" data-id=\"223ab35\" data-element_type=\"container\" data-settings=\"{&quot;content_width&quot;:&quot;boxed&quot;,&quot;premium_particles_zindex&quot;:0,&quot;premium_particles_responsive&quot;:[&quot;desktop&quot;,&quot;tablet&quot;,&quot;mobile&quot;]}\" data-core-v316-plus=\"true\">\n\t\t\t\t\t<div class=\"e-con-inner\">\n\t\t\t\t<div class=\"elementor-element elementor-element-77c2ebd elementor-widget elementor-widget-heading\" data-id=\"77c2ebd\" data-element_type=\"widget\" data-widget_type=\"heading.default\">\n\t\t\t\t<div class=\"elementor-widget-container\">\n\t\t\t<h2 class=\"elementor-heading-title elementor-size-default\">EXPERIENCE<\/h2>\t\t<\/div>\n\t\t\t\t<\/div>\n\t\t\t\t<div class=\"elementor-element elementor-element-40e21a2 elementor-widget elementor-widget-text-editor\" data-id=\"40e21a2\" data-element_type=\"widget\" data-widget_type=\"text-editor.default\">\n\t\t\t\t<div class=\"elementor-widget-container\">\n\t\t\t\t\t\t\tWe offer optimal solutions in assemblies and electrical connections.\t\t\t\t\t\t<\/div>\n\t\t\t\t<\/div>\n\t\t\t\t\t<\/div>\n\t\t\t\t<\/div>\n\t\t<div class=\"elementor-element elementor-element-2c86d17 e-flex e-con-boxed e-con e-parent\" data-id=\"2c86d17\" data-element_type=\"container\" data-settings=\"{&quot;content_width&quot;:&quot;boxed&quot;,&quot;premium_particles_zindex&quot;:0,&quot;premium_particles_responsive&quot;:[&quot;desktop&quot;,&quot;tablet&quot;,&quot;mobile&quot;]}\" data-core-v316-plus=\"true\">\n\t\t\t\t\t<div class=\"e-con-inner\">\n\t\t<div class=\"elementor-element elementor-element-a70b68e e-con-full e-flex elementor-invisible e-con e-child\" data-id=\"a70b68e\" data-element_type=\"container\" data-settings=\"{&quot;content_width&quot;:&quot;full&quot;,&quot;animation&quot;:&quot;zoomIn&quot;,&quot;premium_particles_zindex&quot;:0,&quot;premium_particles_responsive&quot;:[&quot;desktop&quot;,&quot;tablet&quot;,&quot;mobile&quot;]}\">\n\t\t\t\t<div class=\"elementor-element elementor-element-3a59af6 elementor-widget elementor-widget-image\" data-id=\"3a59af6\" data-element_type=\"widget\" data-widget_type=\"image.default\">\n\t\t\t\t<div class=\"elementor-widget-container\">\n\t\t\t<style>\/*! elementor - v3.19.0 - 28-02-2024 *\/\n.elementor-widget-image{text-align:center}.elementor-widget-image a{display:inline-block}.elementor-widget-image a img[src$=\".svg\"]{width:48px}.elementor-widget-image img{vertical-align:middle;display:inline-block}<\/style>\t\t\t\t\t\t\t\t\t\t<img fetchpriority=\"high\" decoding=\"async\" width=\"800\" height=\"534\" src=\"https:\/\/insteimed.com\/wp-content\/uploads\/2024\/02\/montaje-y-conexion-insteimed-1024x684.jpg\" class=\"attachment-large size-large wp-image-1031\" alt=\"\" srcset=\"https:\/\/insteimed.com\/wp-content\/uploads\/2024\/02\/montaje-y-conexion-insteimed-1024x684.jpg 1024w, https:\/\/insteimed.com\/wp-content\/uploads\/2024\/02\/montaje-y-conexion-insteimed-300x200.jpg 300w, https:\/\/insteimed.com\/wp-content\/uploads\/2024\/02\/montaje-y-conexion-insteimed-768x513.jpg 768w, https:\/\/insteimed.com\/wp-content\/uploads\/2024\/02\/montaje-y-conexion-insteimed-1536x1025.jpg 1536w, https:\/\/insteimed.com\/wp-content\/uploads\/2024\/02\/montaje-y-conexion-insteimed-18x12.jpg 18w, https:\/\/insteimed.com\/wp-content\/uploads\/2024\/02\/montaje-y-conexion-insteimed.jpg 2000w\" sizes=\"(max-width: 800px) 100vw, 800px\" \/>\t\t\t\t\t\t\t\t\t\t\t\t\t<\/div>\n\t\t\t\t<\/div>\n\t\t\t\t<\/div>\n\t\t<div class=\"elementor-element elementor-element-99452a0 e-con-full e-flex elementor-invisible e-con e-child\" data-id=\"99452a0\" data-element_type=\"container\" data-settings=\"{&quot;content_width&quot;:&quot;full&quot;,&quot;background_background&quot;:&quot;classic&quot;,&quot;animation&quot;:&quot;fadeInRight&quot;,&quot;premium_particles_zindex&quot;:0,&quot;premium_particles_responsive&quot;:[&quot;desktop&quot;,&quot;tablet&quot;,&quot;mobile&quot;]}\">\n\t\t\t\t<div class=\"elementor-element elementor-element-0e4d715 elementor-widget elementor-widget-heading\" data-id=\"0e4d715\" data-element_type=\"widget\" data-widget_type=\"heading.default\">\n\t\t\t\t<div class=\"elementor-widget-container\">\n\t\t\t<h6 class=\"elementor-heading-title elementor-size-default\">ELECTRICAL SYSTEMS<\/h6>\t\t<\/div>\n\t\t\t\t<\/div>\n\t\t\t\t<div class=\"elementor-element elementor-element-126e4d0 elementor-widget elementor-widget-heading\" data-id=\"126e4d0\" data-element_type=\"widget\" data-widget_type=\"heading.default\">\n\t\t\t\t<div class=\"elementor-widget-container\">\n\t\t\t<h2 class=\"elementor-heading-title elementor-size-default\">Assembly and connection<\/h2>\t\t<\/div>\n\t\t\t\t<\/div>\n\t\t\t\t<div class=\"elementor-element elementor-element-60f352f elementor-widget elementor-widget-text-editor\" data-id=\"60f352f\" data-element_type=\"widget\" data-widget_type=\"text-editor.default\">\n\t\t\t\t<div class=\"elementor-widget-container\">\n\t\t\t\t\t\t\t<ul><li>Assembly of electrical elements supplied by INSTEIMED or by its customers (switchboards, control panels, signaling, lighting, loudspeakers, voice and data networks, CCTV, alarm devices, junction boxes, wiring...).<\/li><li>Connection of electrical elements assembled by INSTEIMED or by others (main or auxiliary engines, boilers, compressors, purifiers, motors, valves, sensors in tanks...).<\/li><\/ul>\t\t\t\t\t\t<\/div>\n\t\t\t\t<\/div>\n\t\t\t\t<div class=\"elementor-element elementor-element-061258e elementor-widget elementor-widget-premium-addon-button\" data-id=\"061258e\" data-element_type=\"widget\" data-widget_type=\"premium-addon-button.default\">\n\t\t\t\t<div class=\"elementor-widget-container\">\n\t\t\t\r\n\r\n\t\t<a class=\"premium-button premium-button-style6 premium-btn-md premium-button-style6\" href=\"https:\/\/insteimed.com\/en\/contacto\/\">\r\n\t\t\t<div class=\"premium-button-text-icon-wrapper\">\r\n\t\t\t\t\r\n                                    <span >\r\n                        Let's talk                    <\/span>\r\n                \r\n                <!-- After Icon -->\r\n\t\t\t\t\t\t\t<\/div>\r\n\r\n\t\t\t\r\n\t\t\t\r\n            \r\n\t\t<\/a>\r\n\r\n\r\n\t\t\t\t<\/div>\n\t\t\t\t<\/div>\n\t\t\t\t<\/div>\n\t\t\t\t\t<\/div>\n\t\t\t\t<\/div>\n\t\t\t\t<\/div>","protected":false},"excerpt":{"rendered":"<p>Connect with the best performance EXPERIENCE We offer optimal solutions in electrical assemblies and connections. ELECTRICAL SYSTEMS Assembly and connection Assembly of electrical elements supplied by INSTEIMED or by its customers (switchboards, control panels, signaling, lighting, loudspeakers, voice and data networks, CCTV, alarm devices, junction boxes, wiring...). Connection of elements [...].<\/p>","protected":false},"author":1,"featured_media":0,"parent":0,"menu_order":0,"comment_status":"closed","ping_status":"closed","template":"","meta":{"footnotes":""},"class_list":["post-33","page","type-page","status-publish","hentry"],"yoast_head":"<!-- This site is optimized with the Yoast SEO plugin v22.2 - https:\/\/yoast.com\/wordpress\/plugins\/seo\/ -->\n<title>Montaje y Conexi\u00f3n - Insteimed<\/title>\n<meta name=\"robots\" content=\"index, follow, max-snippet:-1, max-image-preview:large, max-video-preview:-1\" \/>\n<link rel=\"canonical\" href=\"https:\/\/insteimed.com\/en\/montaje_sistemas_electricos_sector_naval\/\" \/>\n<meta property=\"og:locale\" content=\"en_US\" \/>\n<meta property=\"og:type\" content=\"article\" \/>\n<meta property=\"og:title\" content=\"Montaje y Conexi\u00f3n - Insteimed\" \/>\n<meta property=\"og:description\" content=\"Conecta con el mejor rendimiento EXPERIENCIA Ofrecemos soluciones \u00f3ptimas en montajes y conexiones el\u00e9ctricas. SISTEMAS EL\u00c9CTRICOS Montaje y conexi\u00f3n Montaje de elementos el\u00e9ctricos suministrados por INSTEIMED o por sus clientes (cuadros de distribuci\u00f3n, de control, de se\u00f1alizaci\u00f3n, luminarias, altavoces, redes de voz y datos, CCTV, dispositivos de alarma, cajas de conexi\u00f3n, cableado\u2026). Conexionado de elementos [&hellip;]\" \/>\n<meta property=\"og:url\" content=\"https:\/\/insteimed.com\/en\/montaje_sistemas_electricos_sector_naval\/\" \/>\n<meta property=\"og:site_name\" content=\"Insteimed\" \/>\n<meta property=\"article:modified_time\" content=\"2024-03-11T12:47:04+00:00\" \/>\n<meta property=\"og:image\" content=\"https:\/\/insteimed.com\/new\/wp-content\/uploads\/2024\/02\/montaje-y-conexion-insteimed-1024x684.jpg\" \/>\n<meta name=\"twitter:card\" content=\"summary_large_image\" \/>\n<meta name=\"twitter:label1\" content=\"Est. reading time\" \/>\n\t<meta name=\"twitter:data1\" content=\"1 minute\" \/>\n<script type=\"application\/ld+json\" class=\"yoast-schema-graph\">{\"@context\":\"https:\/\/schema.org\",\"@graph\":[{\"@type\":\"WebPage\",\"@id\":\"https:\/\/insteimed.com\/montaje_sistemas_electricos_sector_naval\/\",\"url\":\"https:\/\/insteimed.com\/montaje_sistemas_electricos_sector_naval\/\",\"name\":\"Montaje y Conexi\u00f3n - Insteimed\",\"isPartOf\":{\"@id\":\"https:\/\/insteimed.com\/#website\"},\"primaryImageOfPage\":{\"@id\":\"https:\/\/insteimed.com\/montaje_sistemas_electricos_sector_naval\/#primaryimage\"},\"image\":{\"@id\":\"https:\/\/insteimed.com\/montaje_sistemas_electricos_sector_naval\/#primaryimage\"},\"thumbnailUrl\":\"https:\/\/insteimed.com\/new\/wp-content\/uploads\/2024\/02\/montaje-y-conexion-insteimed-1024x684.jpg\",\"datePublished\":\"2024-01-08T16:45:34+00:00\",\"dateModified\":\"2024-03-11T12:47:04+00:00\",\"breadcrumb\":{\"@id\":\"https:\/\/insteimed.com\/montaje_sistemas_electricos_sector_naval\/#breadcrumb\"},\"inLanguage\":\"en-US\",\"potentialAction\":[{\"@type\":\"ReadAction\",\"target\":[\"https:\/\/insteimed.com\/montaje_sistemas_electricos_sector_naval\/\"]}]},{\"@type\":\"ImageObject\",\"inLanguage\":\"en-US\",\"@id\":\"https:\/\/insteimed.com\/montaje_sistemas_electricos_sector_naval\/#primaryimage\",\"url\":\"https:\/\/insteimed.com\/new\/wp-content\/uploads\/2024\/02\/montaje-y-conexion-insteimed-1024x684.jpg\",\"contentUrl\":\"https:\/\/insteimed.com\/new\/wp-content\/uploads\/2024\/02\/montaje-y-conexion-insteimed-1024x684.jpg\"},{\"@type\":\"BreadcrumbList\",\"@id\":\"https:\/\/insteimed.com\/montaje_sistemas_electricos_sector_naval\/#breadcrumb\",\"itemListElement\":[{\"@type\":\"ListItem\",\"position\":1,\"name\":\"Portada\",\"item\":\"https:\/\/insteimed.com\/\"},{\"@type\":\"ListItem\",\"position\":2,\"name\":\"Montaje y Conexi\u00f3n\"}]},{\"@type\":\"WebSite\",\"@id\":\"https:\/\/insteimed.com\/#website\",\"url\":\"https:\/\/insteimed.com\/\",\"name\":\"Insteimed\",\"description\":\"Sistemas el\u00e9ctricos sector naval\",\"publisher\":{\"@id\":\"https:\/\/insteimed.com\/#organization\"},\"potentialAction\":[{\"@type\":\"SearchAction\",\"target\":{\"@type\":\"EntryPoint\",\"urlTemplate\":\"https:\/\/insteimed.com\/?s={search_term_string}\"},\"query-input\":\"required name=search_term_string\"}],\"inLanguage\":\"en-US\"},{\"@type\":\"Organization\",\"@id\":\"https:\/\/insteimed.com\/#organization\",\"name\":\"Insteimed\",\"url\":\"https:\/\/insteimed.com\/\",\"logo\":{\"@type\":\"ImageObject\",\"inLanguage\":\"en-US\",\"@id\":\"https:\/\/insteimed.com\/#\/schema\/logo\/image\/\",\"url\":\"https:\/\/insteimed.com\/wp-content\/uploads\/2024\/01\/LOGO-insteimed.png\",\"contentUrl\":\"https:\/\/insteimed.com\/wp-content\/uploads\/2024\/01\/LOGO-insteimed.png\",\"width\":800,\"height\":264,\"caption\":\"Insteimed\"},\"image\":{\"@id\":\"https:\/\/insteimed.com\/#\/schema\/logo\/image\/\"}}]}<\/script>\n<!-- \/ Yoast SEO plugin. -->","yoast_head_json":{"title":"Montaje y Conexi\u00f3n - Insteimed","robots":{"index":"index","follow":"follow","max-snippet":"max-snippet:-1","max-image-preview":"max-image-preview:large","max-video-preview":"max-video-preview:-1"},"canonical":"https:\/\/insteimed.com\/en\/montaje_sistemas_electricos_sector_naval\/","og_locale":"en_US","og_type":"article","og_title":"Montaje y Conexi\u00f3n - Insteimed","og_description":"Conecta con el mejor rendimiento EXPERIENCIA Ofrecemos soluciones \u00f3ptimas en montajes y conexiones el\u00e9ctricas. SISTEMAS EL\u00c9CTRICOS Montaje y conexi\u00f3n Montaje de elementos el\u00e9ctricos suministrados por INSTEIMED o por sus clientes (cuadros de distribuci\u00f3n, de control, de se\u00f1alizaci\u00f3n, luminarias, altavoces, redes de voz y datos, CCTV, dispositivos de alarma, cajas de conexi\u00f3n, cableado\u2026). Conexionado de elementos [&hellip;]","og_url":"https:\/\/insteimed.com\/en\/montaje_sistemas_electricos_sector_naval\/","og_site_name":"Insteimed","article_modified_time":"2024-03-11T12:47:04+00:00","og_image":[{"url":"https:\/\/insteimed.com\/new\/wp-content\/uploads\/2024\/02\/montaje-y-conexion-insteimed-1024x684.jpg"}],"twitter_card":"summary_large_image","twitter_misc":{"Est. reading time":"1 minute"},"schema":{"@context":"https:\/\/schema.org","@graph":[{"@type":"WebPage","@id":"https:\/\/insteimed.com\/montaje_sistemas_electricos_sector_naval\/","url":"https:\/\/insteimed.com\/montaje_sistemas_electricos_sector_naval\/","name":"Montaje y Conexi\u00f3n - Insteimed","isPartOf":{"@id":"https:\/\/insteimed.com\/#website"},"primaryImageOfPage":{"@id":"https:\/\/insteimed.com\/montaje_sistemas_electricos_sector_naval\/#primaryimage"},"image":{"@id":"https:\/\/insteimed.com\/montaje_sistemas_electricos_sector_naval\/#primaryimage"},"thumbnailUrl":"https:\/\/insteimed.com\/new\/wp-content\/uploads\/2024\/02\/montaje-y-conexion-insteimed-1024x684.jpg","datePublished":"2024-01-08T16:45:34+00:00","dateModified":"2024-03-11T12:47:04+00:00","breadcrumb":{"@id":"https:\/\/insteimed.com\/montaje_sistemas_electricos_sector_naval\/#breadcrumb"},"inLanguage":"en-US","potentialAction":[{"@type":"ReadAction","target":["https:\/\/insteimed.com\/montaje_sistemas_electricos_sector_naval\/"]}]},{"@type":"ImageObject","inLanguage":"en-US","@id":"https:\/\/insteimed.com\/montaje_sistemas_electricos_sector_naval\/#primaryimage","url":"https:\/\/insteimed.com\/new\/wp-content\/uploads\/2024\/02\/montaje-y-conexion-insteimed-1024x684.jpg","contentUrl":"https:\/\/insteimed.com\/new\/wp-content\/uploads\/2024\/02\/montaje-y-conexion-insteimed-1024x684.jpg"},{"@type":"BreadcrumbList","@id":"https:\/\/insteimed.com\/montaje_sistemas_electricos_sector_naval\/#breadcrumb","itemListElement":[{"@type":"ListItem","position":1,"name":"Portada","item":"https:\/\/insteimed.com\/"},{"@type":"ListItem","position":2,"name":"Montaje y Conexi\u00f3n"}]},{"@type":"WebSite","@id":"https:\/\/insteimed.com\/#website","url":"https:\/\/insteimed.com\/","name":"Insteimed","description":"Sistemas el\u00e9ctricos sector naval","publisher":{"@id":"https:\/\/insteimed.com\/#organization"},"potentialAction":[{"@type":"SearchAction","target":{"@type":"EntryPoint","urlTemplate":"https:\/\/insteimed.com\/?s={search_term_string}"},"query-input":"required name=search_term_string"}],"inLanguage":"en-US"},{"@type":"Organization","@id":"https:\/\/insteimed.com\/#organization","name":"Insteimed","url":"https:\/\/insteimed.com\/","logo":{"@type":"ImageObject","inLanguage":"en-US","@id":"https:\/\/insteimed.com\/#\/schema\/logo\/image\/","url":"https:\/\/insteimed.com\/wp-content\/uploads\/2024\/01\/LOGO-insteimed.png","contentUrl":"https:\/\/insteimed.com\/wp-content\/uploads\/2024\/01\/LOGO-insteimed.png","width":800,"height":264,"caption":"Insteimed"},"image":{"@id":"https:\/\/insteimed.com\/#\/schema\/logo\/image\/"}}]}},"_links":{"self":[{"href":"https:\/\/insteimed.com\/en\/wp-json\/wp\/v2\/pages\/33","targetHints":{"allow":["GET"]}}],"collection":[{"href":"https:\/\/insteimed.com\/en\/wp-json\/wp\/v2\/pages"}],"about":[{"href":"https:\/\/insteimed.com\/en\/wp-json\/wp\/v2\/types\/page"}],"author":[{"embeddable":true,"href":"https:\/\/insteimed.com\/en\/wp-json\/wp\/v2\/users\/1"}],"replies":[{"embeddable":true,"href":"https:\/\/insteimed.com\/en\/wp-json\/wp\/v2\/comments?post=33"}],"version-history":[{"count":16,"href":"https:\/\/insteimed.com\/en\/wp-json\/wp\/v2\/pages\/33\/revisions"}],"predecessor-version":[{"id":1066,"href":"https:\/\/insteimed.com\/en\/wp-json\/wp\/v2\/pages\/33\/revisions\/1066"}],"wp:attachment":[{"href":"https:\/\/insteimed.com\/en\/wp-json\/wp\/v2\/media?parent=33"}],"curies":[{"name":"wp","href":"https:\/\/api.w.org\/{rel}","templated":true}]}}