{"id":31,"date":"2024-01-08T17:45:06","date_gmt":"2024-01-08T16:45:06","guid":{"rendered":"https:\/\/insteimed.com\/new\/?page_id=31"},"modified":"2024-05-16T15:41:10","modified_gmt":"2024-05-16T13:41:10","slug":"suministro_material_electrico_naval","status":"publish","type":"page","link":"https:\/\/insteimed.com\/en\/suministro_material_electrico_naval\/","title":{"rendered":"Electrical Equipment Manufacturing"},"content":{"rendered":"<div data-elementor-type=\"wp-page\" data-elementor-id=\"31\" class=\"elementor elementor-31\" data-elementor-settings=\"{&quot;premium_particles_zindex&quot;:0,&quot;premium_particles_responsive&quot;:[&quot;desktop&quot;,&quot;tablet&quot;,&quot;mobile&quot;]}\" data-elementor-post-type=\"page\">\n\t\t\t\t<div class=\"elementor-element elementor-element-8d6a987 e-flex e-con-boxed e-con e-parent\" data-id=\"8d6a987\" data-element_type=\"container\" data-settings=\"{&quot;background_background&quot;:&quot;classic&quot;,&quot;content_width&quot;:&quot;boxed&quot;,&quot;premium_particles_zindex&quot;:0,&quot;premium_particles_responsive&quot;:[&quot;desktop&quot;,&quot;tablet&quot;,&quot;mobile&quot;]}\" data-core-v316-plus=\"true\">\n\t\t\t\t\t<div class=\"e-con-inner\">\n\t\t\t\t<div class=\"elementor-element elementor-element-b5b4077 elementor-widget elementor-widget-heading\" data-id=\"b5b4077\" data-element_type=\"widget\" data-widget_type=\"heading.default\">\n\t\t\t\t<div class=\"elementor-widget-container\">\n\t\t\t<style>\/*! elementor - v3.19.0 - 28-02-2024 *\/\n.elementor-heading-title{padding:0;margin:0;line-height:1}.elementor-widget-heading .elementor-heading-title[class*=elementor-size-]>a{color:inherit;font-size:inherit;line-height:inherit}.elementor-widget-heading .elementor-heading-title.elementor-size-small{font-size:15px}.elementor-widget-heading .elementor-heading-title.elementor-size-medium{font-size:19px}.elementor-widget-heading .elementor-heading-title.elementor-size-large{font-size:29px}.elementor-widget-heading .elementor-heading-title.elementor-size-xl{font-size:39px}.elementor-widget-heading .elementor-heading-title.elementor-size-xxl{font-size:59px}<\/style><h1 class=\"elementor-heading-title elementor-size-default\">Electrical Equipment Manufacturing<\/h1>\t\t<\/div>\n\t\t\t\t<\/div>\n\t\t\t\t<div class=\"elementor-element elementor-element-c1f0b5f elementor-widget elementor-widget-text-editor\" data-id=\"c1f0b5f\" data-element_type=\"widget\" data-widget_type=\"text-editor.default\">\n\t\t\t\t<div class=\"elementor-widget-container\">\n\t\t\t<style>\/*! elementor - v3.19.0 - 28-02-2024 *\/\n.elementor-widget-text-editor.elementor-drop-cap-view-stacked .elementor-drop-cap{background-color:#69727d;color:#fff}.elementor-widget-text-editor.elementor-drop-cap-view-framed .elementor-drop-cap{color:#69727d;border:3px solid;background-color:transparent}.elementor-widget-text-editor:not(.elementor-drop-cap-view-default) .elementor-drop-cap{margin-top:8px}.elementor-widget-text-editor:not(.elementor-drop-cap-view-default) .elementor-drop-cap-letter{width:1em;height:1em}.elementor-widget-text-editor .elementor-drop-cap{float:left;text-align:center;line-height:1;font-size:50px}.elementor-widget-text-editor .elementor-drop-cap-letter{display:inline-block}<\/style>\t\t\t\t<p>Maximum installation power and resource optimization<\/p>\t\t\t\t\t\t<\/div>\n\t\t\t\t<\/div>\n\t\t\t\t\t<\/div>\n\t\t\t\t<\/div>\n\t\t<div class=\"elementor-element elementor-element-9c73f2c e-flex e-con-boxed e-con e-parent\" data-id=\"9c73f2c\" data-element_type=\"container\" data-settings=\"{&quot;content_width&quot;:&quot;boxed&quot;,&quot;premium_particles_zindex&quot;:0,&quot;premium_particles_responsive&quot;:[&quot;desktop&quot;,&quot;tablet&quot;,&quot;mobile&quot;]}\" data-core-v316-plus=\"true\">\n\t\t\t\t\t<div class=\"e-con-inner\">\n\t\t\t\t<div class=\"elementor-element elementor-element-1160584 elementor-widget elementor-widget-heading\" data-id=\"1160584\" data-element_type=\"widget\" data-widget_type=\"heading.default\">\n\t\t\t\t<div class=\"elementor-widget-container\">\n\t\t\t<h2 class=\"elementor-heading-title elementor-size-default\">360\u00ba PROJECTS<\/h2>\t\t<\/div>\n\t\t\t\t<\/div>\n\t\t\t\t<div class=\"elementor-element elementor-element-c98e748 elementor-widget elementor-widget-text-editor\" data-id=\"c98e748\" data-element_type=\"widget\" data-widget_type=\"text-editor.default\">\n\t\t\t\t<div class=\"elementor-widget-container\">\n\t\t\t\t\t\t\tWe perform turnkey electrical installations, supply and integrate our own and suppliers' equipment.\t\t\t\t\t\t<\/div>\n\t\t\t\t<\/div>\n\t\t\t\t\t<\/div>\n\t\t\t\t<\/div>\n\t\t<div class=\"elementor-element elementor-element-9e201f9 e-flex e-con-boxed e-con e-parent\" data-id=\"9e201f9\" data-element_type=\"container\" data-settings=\"{&quot;content_width&quot;:&quot;boxed&quot;,&quot;premium_particles_zindex&quot;:0,&quot;premium_particles_responsive&quot;:[&quot;desktop&quot;,&quot;tablet&quot;,&quot;mobile&quot;]}\" data-core-v316-plus=\"true\">\n\t\t\t\t\t<div class=\"e-con-inner\">\n\t\t<div class=\"elementor-element elementor-element-489141b e-con-full e-flex elementor-invisible e-con e-child\" data-id=\"489141b\" data-element_type=\"container\" data-settings=\"{&quot;content_width&quot;:&quot;full&quot;,&quot;animation&quot;:&quot;zoomIn&quot;,&quot;premium_particles_zindex&quot;:0,&quot;premium_particles_responsive&quot;:[&quot;desktop&quot;,&quot;tablet&quot;,&quot;mobile&quot;]}\">\n\t\t\t\t<div class=\"elementor-element elementor-element-2cd5a5f elementor-widget elementor-widget-image\" data-id=\"2cd5a5f\" data-element_type=\"widget\" data-widget_type=\"image.default\">\n\t\t\t\t<div class=\"elementor-widget-container\">\n\t\t\t<style>\/*! elementor - v3.19.0 - 28-02-2024 *\/\n.elementor-widget-image{text-align:center}.elementor-widget-image a{display:inline-block}.elementor-widget-image a img[src$=\".svg\"]{width:48px}.elementor-widget-image img{vertical-align:middle;display:inline-block}<\/style>\t\t\t\t\t\t\t\t\t\t<img fetchpriority=\"high\" decoding=\"async\" width=\"800\" height=\"451\" src=\"https:\/\/insteimed.com\/wp-content\/uploads\/2024\/02\/fabricacion-de-material.jpg\" class=\"attachment-large size-large wp-image-1059\" alt=\"\" srcset=\"https:\/\/insteimed.com\/wp-content\/uploads\/2024\/02\/fabricacion-de-material.jpg 994w, https:\/\/insteimed.com\/wp-content\/uploads\/2024\/02\/fabricacion-de-material-300x169.jpg 300w, https:\/\/insteimed.com\/wp-content\/uploads\/2024\/02\/fabricacion-de-material-768x433.jpg 768w, https:\/\/insteimed.com\/wp-content\/uploads\/2024\/02\/fabricacion-de-material-18x10.jpg 18w\" sizes=\"(max-width: 800px) 100vw, 800px\" \/>\t\t\t\t\t\t\t\t\t\t\t\t\t<\/div>\n\t\t\t\t<\/div>\n\t\t\t\t<\/div>\n\t\t<div class=\"elementor-element elementor-element-b2eb55a e-con-full e-flex elementor-invisible e-con e-child\" data-id=\"b2eb55a\" data-element_type=\"container\" data-settings=\"{&quot;content_width&quot;:&quot;full&quot;,&quot;background_background&quot;:&quot;classic&quot;,&quot;animation&quot;:&quot;fadeInRight&quot;,&quot;premium_particles_zindex&quot;:0,&quot;premium_particles_responsive&quot;:[&quot;desktop&quot;,&quot;tablet&quot;,&quot;mobile&quot;]}\">\n\t\t\t\t<div class=\"elementor-element elementor-element-8a71d55 elementor-widget elementor-widget-heading\" data-id=\"8a71d55\" data-element_type=\"widget\" data-widget_type=\"heading.default\">\n\t\t\t\t<div class=\"elementor-widget-container\">\n\t\t\t<h2 class=\"elementor-heading-title elementor-size-default\">In-house manufacturing<\/h2>\t\t<\/div>\n\t\t\t\t<\/div>\n\t\t\t\t<div class=\"elementor-element elementor-element-99ca630 elementor-widget elementor-widget-text-editor\" data-id=\"99ca630\" data-element_type=\"widget\" data-widget_type=\"text-editor.default\">\n\t\t\t\t<div class=\"elementor-widget-container\">\n\t\t\t\t\t\t\t<ul><li>Main switchboards, emergency switchboards and distribution panels.<\/li><li>MCC motor control center.<\/li><li>Machine control chamber and load control chamber desks.<\/li><li>Centralized automation systems and machine alarms.<\/li><li>Control panels for navigation lights and heliport lights.<\/li><li>Control panels and automation.<\/li><\/ul>\t\t\t\t\t\t<\/div>\n\t\t\t\t<\/div>\n\t\t\t\t<div class=\"elementor-element elementor-element-3d12b25 elementor-widget elementor-widget-premium-addon-button\" data-id=\"3d12b25\" data-element_type=\"widget\" data-widget_type=\"premium-addon-button.default\">\n\t\t\t\t<div class=\"elementor-widget-container\">\n\t\t\t\r\n\r\n\t\t<a class=\"premium-button premium-button-style6 premium-btn-md premium-button-style6\" href=\"https:\/\/insteimed.com\/en\/contacto\/\">\r\n\t\t\t<div class=\"premium-button-text-icon-wrapper\">\r\n\t\t\t\t\r\n                                    <span >\r\n                        Let's talk                    <\/span>\r\n                \r\n                <!-- After Icon -->\r\n\t\t\t\t\t\t\t<\/div>\r\n\r\n\t\t\t\r\n\t\t\t\r\n            \r\n\t\t<\/a>\r\n\r\n\r\n\t\t\t\t<\/div>\n\t\t\t\t<\/div>\n\t\t\t\t<\/div>\n\t\t\t\t\t<\/div>\n\t\t\t\t<\/div>\n\t\t\t\t<\/div>","protected":false},"excerpt":{"rendered":"<p>Maximum power in installation and optimization of resources 360\u00ba PROJECTS We carry out turnkey electrical installations, supply and integrate our own and suppliers' equipment. In-house manufacturing Main panels, emergency panels and distribution panels. MCC motor control center. Machine control chamber and load control chamber desks. Centralized systems [...]<\/p>","protected":false},"author":1,"featured_media":0,"parent":0,"menu_order":0,"comment_status":"closed","ping_status":"closed","template":"","meta":{"footnotes":""},"class_list":["post-31","page","type-page","status-publish","hentry"],"yoast_head":"<!-- This site is optimized with the Yoast SEO plugin v22.2 - https:\/\/yoast.com\/wordpress\/plugins\/seo\/ -->\n<title>Fabricaci\u00f3n de Equipos El\u00e9ctricos - Insteimed<\/title>\n<meta name=\"robots\" content=\"index, follow, max-snippet:-1, max-image-preview:large, max-video-preview:-1\" \/>\n<link rel=\"canonical\" href=\"https:\/\/insteimed.com\/en\/suministro_material_electrico_naval\/\" \/>\n<meta property=\"og:locale\" content=\"en_US\" \/>\n<meta property=\"og:type\" content=\"article\" \/>\n<meta property=\"og:title\" content=\"Fabricaci\u00f3n de Equipos El\u00e9ctricos - Insteimed\" \/>\n<meta property=\"og:description\" content=\"M\u00e1xima potencia en instalaci\u00f3n y optimizaci\u00f3n de recursos PROYECTOS 360\u00ba Realizamos instalaciones el\u00e9ctricas llave en mano, suministramos e integramos equipos propios y de proveedores. Fabricaci\u00f3n propia Cuadros principales, de emergencia y paneles de distribuci\u00f3n. MCC centro de control de motores. Pupitres de c\u00e1mara de control de m\u00e1quinas y c\u00e1mara de control de carga. Sistemas centralizados [&hellip;]\" \/>\n<meta property=\"og:url\" content=\"https:\/\/insteimed.com\/en\/suministro_material_electrico_naval\/\" \/>\n<meta property=\"og:site_name\" content=\"Insteimed\" \/>\n<meta property=\"article:modified_time\" content=\"2024-05-16T13:41:10+00:00\" \/>\n<meta property=\"og:image\" content=\"https:\/\/insteimed.com\/wp-content\/uploads\/2024\/02\/fabricacion-de-material.jpg\" \/>\n<meta name=\"twitter:card\" content=\"summary_large_image\" \/>\n<meta name=\"twitter:label1\" content=\"Est. reading time\" \/>\n\t<meta name=\"twitter:data1\" content=\"1 minute\" \/>\n<script type=\"application\/ld+json\" class=\"yoast-schema-graph\">{\"@context\":\"https:\/\/schema.org\",\"@graph\":[{\"@type\":\"WebPage\",\"@id\":\"https:\/\/insteimed.com\/suministro_material_electrico_naval\/\",\"url\":\"https:\/\/insteimed.com\/suministro_material_electrico_naval\/\",\"name\":\"Fabricaci\u00f3n de Equipos El\u00e9ctricos - Insteimed\",\"isPartOf\":{\"@id\":\"https:\/\/insteimed.com\/#website\"},\"primaryImageOfPage\":{\"@id\":\"https:\/\/insteimed.com\/suministro_material_electrico_naval\/#primaryimage\"},\"image\":{\"@id\":\"https:\/\/insteimed.com\/suministro_material_electrico_naval\/#primaryimage\"},\"thumbnailUrl\":\"https:\/\/insteimed.com\/wp-content\/uploads\/2024\/02\/fabricacion-de-material.jpg\",\"datePublished\":\"2024-01-08T16:45:06+00:00\",\"dateModified\":\"2024-05-16T13:41:10+00:00\",\"breadcrumb\":{\"@id\":\"https:\/\/insteimed.com\/suministro_material_electrico_naval\/#breadcrumb\"},\"inLanguage\":\"en-US\",\"potentialAction\":[{\"@type\":\"ReadAction\",\"target\":[\"https:\/\/insteimed.com\/suministro_material_electrico_naval\/\"]}]},{\"@type\":\"ImageObject\",\"inLanguage\":\"en-US\",\"@id\":\"https:\/\/insteimed.com\/suministro_material_electrico_naval\/#primaryimage\",\"url\":\"https:\/\/insteimed.com\/wp-content\/uploads\/2024\/02\/fabricacion-de-material.jpg\",\"contentUrl\":\"https:\/\/insteimed.com\/wp-content\/uploads\/2024\/02\/fabricacion-de-material.jpg\",\"width\":994,\"height\":560},{\"@type\":\"BreadcrumbList\",\"@id\":\"https:\/\/insteimed.com\/suministro_material_electrico_naval\/#breadcrumb\",\"itemListElement\":[{\"@type\":\"ListItem\",\"position\":1,\"name\":\"Portada\",\"item\":\"https:\/\/insteimed.com\/\"},{\"@type\":\"ListItem\",\"position\":2,\"name\":\"Fabricaci\u00f3n de Equipos El\u00e9ctricos\"}]},{\"@type\":\"WebSite\",\"@id\":\"https:\/\/insteimed.com\/#website\",\"url\":\"https:\/\/insteimed.com\/\",\"name\":\"Insteimed\",\"description\":\"Sistemas el\u00e9ctricos sector naval\",\"publisher\":{\"@id\":\"https:\/\/insteimed.com\/#organization\"},\"potentialAction\":[{\"@type\":\"SearchAction\",\"target\":{\"@type\":\"EntryPoint\",\"urlTemplate\":\"https:\/\/insteimed.com\/?s={search_term_string}\"},\"query-input\":\"required name=search_term_string\"}],\"inLanguage\":\"en-US\"},{\"@type\":\"Organization\",\"@id\":\"https:\/\/insteimed.com\/#organization\",\"name\":\"Insteimed\",\"url\":\"https:\/\/insteimed.com\/\",\"logo\":{\"@type\":\"ImageObject\",\"inLanguage\":\"en-US\",\"@id\":\"https:\/\/insteimed.com\/#\/schema\/logo\/image\/\",\"url\":\"https:\/\/insteimed.com\/wp-content\/uploads\/2024\/01\/LOGO-insteimed.png\",\"contentUrl\":\"https:\/\/insteimed.com\/wp-content\/uploads\/2024\/01\/LOGO-insteimed.png\",\"width\":800,\"height\":264,\"caption\":\"Insteimed\"},\"image\":{\"@id\":\"https:\/\/insteimed.com\/#\/schema\/logo\/image\/\"}}]}<\/script>\n<!-- \/ Yoast SEO plugin. -->","yoast_head_json":{"title":"Fabricaci\u00f3n de Equipos El\u00e9ctricos - Insteimed","robots":{"index":"index","follow":"follow","max-snippet":"max-snippet:-1","max-image-preview":"max-image-preview:large","max-video-preview":"max-video-preview:-1"},"canonical":"https:\/\/insteimed.com\/en\/suministro_material_electrico_naval\/","og_locale":"en_US","og_type":"article","og_title":"Fabricaci\u00f3n de Equipos El\u00e9ctricos - Insteimed","og_description":"M\u00e1xima potencia en instalaci\u00f3n y optimizaci\u00f3n de recursos PROYECTOS 360\u00ba Realizamos instalaciones el\u00e9ctricas llave en mano, suministramos e integramos equipos propios y de proveedores. Fabricaci\u00f3n propia Cuadros principales, de emergencia y paneles de distribuci\u00f3n. MCC centro de control de motores. Pupitres de c\u00e1mara de control de m\u00e1quinas y c\u00e1mara de control de carga. Sistemas centralizados [&hellip;]","og_url":"https:\/\/insteimed.com\/en\/suministro_material_electrico_naval\/","og_site_name":"Insteimed","article_modified_time":"2024-05-16T13:41:10+00:00","og_image":[{"url":"https:\/\/insteimed.com\/wp-content\/uploads\/2024\/02\/fabricacion-de-material.jpg"}],"twitter_card":"summary_large_image","twitter_misc":{"Est. reading time":"1 minute"},"schema":{"@context":"https:\/\/schema.org","@graph":[{"@type":"WebPage","@id":"https:\/\/insteimed.com\/suministro_material_electrico_naval\/","url":"https:\/\/insteimed.com\/suministro_material_electrico_naval\/","name":"Fabricaci\u00f3n de Equipos El\u00e9ctricos - Insteimed","isPartOf":{"@id":"https:\/\/insteimed.com\/#website"},"primaryImageOfPage":{"@id":"https:\/\/insteimed.com\/suministro_material_electrico_naval\/#primaryimage"},"image":{"@id":"https:\/\/insteimed.com\/suministro_material_electrico_naval\/#primaryimage"},"thumbnailUrl":"https:\/\/insteimed.com\/wp-content\/uploads\/2024\/02\/fabricacion-de-material.jpg","datePublished":"2024-01-08T16:45:06+00:00","dateModified":"2024-05-16T13:41:10+00:00","breadcrumb":{"@id":"https:\/\/insteimed.com\/suministro_material_electrico_naval\/#breadcrumb"},"inLanguage":"en-US","potentialAction":[{"@type":"ReadAction","target":["https:\/\/insteimed.com\/suministro_material_electrico_naval\/"]}]},{"@type":"ImageObject","inLanguage":"en-US","@id":"https:\/\/insteimed.com\/suministro_material_electrico_naval\/#primaryimage","url":"https:\/\/insteimed.com\/wp-content\/uploads\/2024\/02\/fabricacion-de-material.jpg","contentUrl":"https:\/\/insteimed.com\/wp-content\/uploads\/2024\/02\/fabricacion-de-material.jpg","width":994,"height":560},{"@type":"BreadcrumbList","@id":"https:\/\/insteimed.com\/suministro_material_electrico_naval\/#breadcrumb","itemListElement":[{"@type":"ListItem","position":1,"name":"Portada","item":"https:\/\/insteimed.com\/"},{"@type":"ListItem","position":2,"name":"Fabricaci\u00f3n de Equipos El\u00e9ctricos"}]},{"@type":"WebSite","@id":"https:\/\/insteimed.com\/#website","url":"https:\/\/insteimed.com\/","name":"Insteimed","description":"Sistemas el\u00e9ctricos sector naval","publisher":{"@id":"https:\/\/insteimed.com\/#organization"},"potentialAction":[{"@type":"SearchAction","target":{"@type":"EntryPoint","urlTemplate":"https:\/\/insteimed.com\/?s={search_term_string}"},"query-input":"required name=search_term_string"}],"inLanguage":"en-US"},{"@type":"Organization","@id":"https:\/\/insteimed.com\/#organization","name":"Insteimed","url":"https:\/\/insteimed.com\/","logo":{"@type":"ImageObject","inLanguage":"en-US","@id":"https:\/\/insteimed.com\/#\/schema\/logo\/image\/","url":"https:\/\/insteimed.com\/wp-content\/uploads\/2024\/01\/LOGO-insteimed.png","contentUrl":"https:\/\/insteimed.com\/wp-content\/uploads\/2024\/01\/LOGO-insteimed.png","width":800,"height":264,"caption":"Insteimed"},"image":{"@id":"https:\/\/insteimed.com\/#\/schema\/logo\/image\/"}}]}},"_links":{"self":[{"href":"https:\/\/insteimed.com\/en\/wp-json\/wp\/v2\/pages\/31","targetHints":{"allow":["GET"]}}],"collection":[{"href":"https:\/\/insteimed.com\/en\/wp-json\/wp\/v2\/pages"}],"about":[{"href":"https:\/\/insteimed.com\/en\/wp-json\/wp\/v2\/types\/page"}],"author":[{"embeddable":true,"href":"https:\/\/insteimed.com\/en\/wp-json\/wp\/v2\/users\/1"}],"replies":[{"embeddable":true,"href":"https:\/\/insteimed.com\/en\/wp-json\/wp\/v2\/comments?post=31"}],"version-history":[{"count":36,"href":"https:\/\/insteimed.com\/en\/wp-json\/wp\/v2\/pages\/31\/revisions"}],"predecessor-version":[{"id":1693,"href":"https:\/\/insteimed.com\/en\/wp-json\/wp\/v2\/pages\/31\/revisions\/1693"}],"wp:attachment":[{"href":"https:\/\/insteimed.com\/en\/wp-json\/wp\/v2\/media?parent=31"}],"curies":[{"name":"wp","href":"https:\/\/api.w.org\/{rel}","templated":true}]}}