{"id":29,"date":"2024-01-08T17:44:42","date_gmt":"2024-01-08T16:44:42","guid":{"rendered":"https:\/\/insteimed.com\/new\/?page_id=29"},"modified":"2024-03-11T13:45:44","modified_gmt":"2024-03-11T12:45:44","slug":"direccion_obra","status":"publish","type":"page","link":"https:\/\/insteimed.com\/en\/direccion_obra\/","title":{"rendered":"Project management"},"content":{"rendered":"<div data-elementor-type=\"wp-page\" data-elementor-id=\"29\" class=\"elementor elementor-29\" data-elementor-settings=\"{&quot;premium_particles_zindex&quot;:0,&quot;premium_particles_responsive&quot;:[&quot;desktop&quot;,&quot;tablet&quot;,&quot;mobile&quot;]}\" data-elementor-post-type=\"page\">\n\t\t\t\t<div class=\"elementor-element elementor-element-2db7bb4 e-flex e-con-boxed e-con e-parent\" data-id=\"2db7bb4\" data-element_type=\"container\" data-settings=\"{&quot;background_background&quot;:&quot;classic&quot;,&quot;content_width&quot;:&quot;boxed&quot;,&quot;premium_particles_zindex&quot;:0,&quot;premium_particles_responsive&quot;:[&quot;desktop&quot;,&quot;tablet&quot;,&quot;mobile&quot;]}\" data-core-v316-plus=\"true\">\n\t\t\t\t\t<div class=\"e-con-inner\">\n\t\t\t\t<div class=\"elementor-element elementor-element-bcff501 elementor-widget elementor-widget-heading\" data-id=\"bcff501\" data-element_type=\"widget\" data-widget_type=\"heading.default\">\n\t\t\t\t<div class=\"elementor-widget-container\">\n\t\t\t<style>\/*! elementor - v3.19.0 - 28-02-2024 *\/\n.elementor-heading-title{padding:0;margin:0;line-height:1}.elementor-widget-heading .elementor-heading-title[class*=elementor-size-]>a{color:inherit;font-size:inherit;line-height:inherit}.elementor-widget-heading .elementor-heading-title.elementor-size-small{font-size:15px}.elementor-widget-heading .elementor-heading-title.elementor-size-medium{font-size:19px}.elementor-widget-heading .elementor-heading-title.elementor-size-large{font-size:29px}.elementor-widget-heading .elementor-heading-title.elementor-size-xl{font-size:39px}.elementor-widget-heading .elementor-heading-title.elementor-size-xxl{font-size:59px}<\/style><h1 class=\"elementor-heading-title elementor-size-default\">Project management<\/h1>\t\t<\/div>\n\t\t\t\t<\/div>\n\t\t\t\t<div class=\"elementor-element elementor-element-5b0e799 elementor-widget elementor-widget-text-editor\" data-id=\"5b0e799\" data-element_type=\"widget\" data-widget_type=\"text-editor.default\">\n\t\t\t\t<div class=\"elementor-widget-container\">\n\t\t\t<style>\/*! elementor - v3.19.0 - 28-02-2024 *\/\n.elementor-widget-text-editor.elementor-drop-cap-view-stacked .elementor-drop-cap{background-color:#69727d;color:#fff}.elementor-widget-text-editor.elementor-drop-cap-view-framed .elementor-drop-cap{color:#69727d;border:3px solid;background-color:transparent}.elementor-widget-text-editor:not(.elementor-drop-cap-view-default) .elementor-drop-cap{margin-top:8px}.elementor-widget-text-editor:not(.elementor-drop-cap-view-default) .elementor-drop-cap-letter{width:1em;height:1em}.elementor-widget-text-editor .elementor-drop-cap{float:left;text-align:center;line-height:1;font-size:50px}.elementor-widget-text-editor .elementor-drop-cap-letter{display:inline-block}<\/style>\t\t\t\t<p>Turnkey, everything works better.<\/p>\t\t\t\t\t\t<\/div>\n\t\t\t\t<\/div>\n\t\t\t\t\t<\/div>\n\t\t\t\t<\/div>\n\t\t<div class=\"elementor-element elementor-element-715fb11 e-flex e-con-boxed e-con e-parent\" data-id=\"715fb11\" data-element_type=\"container\" data-settings=\"{&quot;content_width&quot;:&quot;boxed&quot;,&quot;premium_particles_zindex&quot;:0,&quot;premium_particles_responsive&quot;:[&quot;desktop&quot;,&quot;tablet&quot;,&quot;mobile&quot;]}\" data-core-v316-plus=\"true\">\n\t\t\t\t\t<div class=\"e-con-inner\">\n\t\t\t\t<div class=\"elementor-element elementor-element-fa6f84d elementor-widget elementor-widget-heading\" data-id=\"fa6f84d\" data-element_type=\"widget\" data-widget_type=\"heading.default\">\n\t\t\t\t<div class=\"elementor-widget-container\">\n\t\t\t<h2 class=\"elementor-heading-title elementor-size-default\">COORDINATION<\/h2>\t\t<\/div>\n\t\t\t\t<\/div>\n\t\t\t\t<div class=\"elementor-element elementor-element-c8c3d28 elementor-widget elementor-widget-text-editor\" data-id=\"c8c3d28\" data-element_type=\"widget\" data-widget_type=\"text-editor.default\">\n\t\t\t\t<div class=\"elementor-widget-container\">\n\t\t\t\t\t\t\t<p>Experience in turnkey projects.<br \/><span style=\"color: var( --e-global-color-418a738 ); background-color: var( --e-global-color-primary ); font-size: 1rem;\">This means that the coordination of projects between the different phases (design, production and monitoring of the work) is one of its best calling cards.<\/span><\/p>\t\t\t\t\t\t<\/div>\n\t\t\t\t<\/div>\n\t\t\t\t\t<\/div>\n\t\t\t\t<\/div>\n\t\t<div class=\"elementor-element elementor-element-d86f7f1 e-flex e-con-boxed e-con e-parent\" data-id=\"d86f7f1\" data-element_type=\"container\" data-settings=\"{&quot;content_width&quot;:&quot;boxed&quot;,&quot;premium_particles_zindex&quot;:0,&quot;premium_particles_responsive&quot;:[&quot;desktop&quot;,&quot;tablet&quot;,&quot;mobile&quot;]}\" data-core-v316-plus=\"true\">\n\t\t\t\t\t<div class=\"e-con-inner\">\n\t\t<div class=\"elementor-element elementor-element-d7cb4f0 e-con-full e-flex elementor-invisible e-con e-child\" data-id=\"d7cb4f0\" data-element_type=\"container\" data-settings=\"{&quot;content_width&quot;:&quot;full&quot;,&quot;animation&quot;:&quot;zoomIn&quot;,&quot;premium_particles_zindex&quot;:0,&quot;premium_particles_responsive&quot;:[&quot;desktop&quot;,&quot;tablet&quot;,&quot;mobile&quot;]}\">\n\t\t\t\t<div class=\"elementor-element elementor-element-aa282f4 elementor-widget elementor-widget-image\" data-id=\"aa282f4\" data-element_type=\"widget\" data-widget_type=\"image.default\">\n\t\t\t\t<div class=\"elementor-widget-container\">\n\t\t\t<style>\/*! elementor - v3.19.0 - 28-02-2024 *\/\n.elementor-widget-image{text-align:center}.elementor-widget-image a{display:inline-block}.elementor-widget-image a img[src$=\".svg\"]{width:48px}.elementor-widget-image img{vertical-align:middle;display:inline-block}<\/style>\t\t\t\t\t\t\t\t\t\t<img fetchpriority=\"high\" decoding=\"async\" width=\"800\" height=\"389\" src=\"https:\/\/insteimed.com\/wp-content\/uploads\/2024\/02\/direccion-de-obra-insteimed.jpg\" class=\"attachment-large size-large wp-image-1026\" alt=\"\" srcset=\"https:\/\/insteimed.com\/wp-content\/uploads\/2024\/02\/direccion-de-obra-insteimed.jpg 1024w, https:\/\/insteimed.com\/wp-content\/uploads\/2024\/02\/direccion-de-obra-insteimed-300x146.jpg 300w, https:\/\/insteimed.com\/wp-content\/uploads\/2024\/02\/direccion-de-obra-insteimed-768x374.jpg 768w, https:\/\/insteimed.com\/wp-content\/uploads\/2024\/02\/direccion-de-obra-insteimed-18x9.jpg 18w\" sizes=\"(max-width: 800px) 100vw, 800px\" \/>\t\t\t\t\t\t\t\t\t\t\t\t\t<\/div>\n\t\t\t\t<\/div>\n\t\t\t\t<\/div>\n\t\t<div class=\"elementor-element elementor-element-fb9fa30 e-con-full e-flex elementor-invisible e-con e-child\" data-id=\"fb9fa30\" data-element_type=\"container\" data-settings=\"{&quot;content_width&quot;:&quot;full&quot;,&quot;background_background&quot;:&quot;classic&quot;,&quot;animation&quot;:&quot;fadeInRight&quot;,&quot;premium_particles_zindex&quot;:0,&quot;premium_particles_responsive&quot;:[&quot;desktop&quot;,&quot;tablet&quot;,&quot;mobile&quot;]}\">\n\t\t\t\t<div class=\"elementor-element elementor-element-fb379d5 elementor-widget elementor-widget-heading\" data-id=\"fb379d5\" data-element_type=\"widget\" data-widget_type=\"heading.default\">\n\t\t\t\t<div class=\"elementor-widget-container\">\n\t\t\t<h6 class=\"elementor-heading-title elementor-size-default\">COMPLETE SERVICE <\/h6>\t\t<\/div>\n\t\t\t\t<\/div>\n\t\t\t\t<div class=\"elementor-element elementor-element-9ff9853 elementor-widget elementor-widget-heading\" data-id=\"9ff9853\" data-element_type=\"widget\" data-widget_type=\"heading.default\">\n\t\t\t\t<div class=\"elementor-widget-container\">\n\t\t\t<h2 class=\"elementor-heading-title elementor-size-default\">Project management<\/h2>\t\t<\/div>\n\t\t\t\t<\/div>\n\t\t\t\t<div class=\"elementor-element elementor-element-36a012a elementor-widget elementor-widget-text-editor\" data-id=\"36a012a\" data-element_type=\"widget\" data-widget_type=\"text-editor.default\">\n\t\t\t\t<div class=\"elementor-widget-container\">\n\t\t\t\t\t\t\t<ul><li>Coordination between companies from different disciplines involved in the projects.<\/li><li>Follow-up of the work status.<\/li><li>Control of compliance with specifications and construction budgets.<\/li><\/ul>\t\t\t\t\t\t<\/div>\n\t\t\t\t<\/div>\n\t\t\t\t<div class=\"elementor-element elementor-element-b9528c2 elementor-widget elementor-widget-premium-addon-button\" data-id=\"b9528c2\" data-element_type=\"widget\" data-widget_type=\"premium-addon-button.default\">\n\t\t\t\t<div class=\"elementor-widget-container\">\n\t\t\t\r\n\r\n\t\t<a class=\"premium-button premium-button-style6 premium-btn-md premium-button-style6\" href=\"https:\/\/insteimed.com\/en\/contacto\/\">\r\n\t\t\t<div class=\"premium-button-text-icon-wrapper\">\r\n\t\t\t\t\r\n                                    <span >\r\n                        Let's talk                    <\/span>\r\n                \r\n                <!-- After Icon -->\r\n\t\t\t\t\t\t\t<\/div>\r\n\r\n\t\t\t\r\n\t\t\t\r\n            \r\n\t\t<\/a>\r\n\r\n\r\n\t\t\t\t<\/div>\n\t\t\t\t<\/div>\n\t\t\t\t<\/div>\n\t\t\t\t\t<\/div>\n\t\t\t\t<\/div>\n\t\t\t\t<\/div>","protected":false},"excerpt":{"rendered":"<p>Turnkey, everything works better. COORDINATION Experience in \"Turnkey\" projects This implies that the coordination of the projects between the different phases (design, production and monitoring of work) is one of its best presentation cards. FULL SERVICE Construction management Coordination between the companies of different disciplines involved in the projects. Follow-up [...]<\/p>","protected":false},"author":1,"featured_media":0,"parent":0,"menu_order":0,"comment_status":"closed","ping_status":"closed","template":"","meta":{"footnotes":""},"class_list":["post-29","page","type-page","status-publish","hentry"],"yoast_head":"<!-- This site is optimized with the Yoast SEO plugin v22.2 - https:\/\/yoast.com\/wordpress\/plugins\/seo\/ -->\n<title>Direcci\u00f3n de obra - Insteimed<\/title>\n<meta name=\"robots\" content=\"index, follow, max-snippet:-1, max-image-preview:large, max-video-preview:-1\" \/>\n<link rel=\"canonical\" href=\"https:\/\/insteimed.com\/en\/direccion_obra\/\" \/>\n<meta property=\"og:locale\" content=\"en_US\" \/>\n<meta property=\"og:type\" content=\"article\" \/>\n<meta property=\"og:title\" content=\"Direcci\u00f3n de obra - Insteimed\" \/>\n<meta property=\"og:description\" content=\"Llave en mano, todo funciona mejor. COORDINACI\u00d3N Experiencia en proyectos \u201dLlave en Mano\u201dEsto implica que la coordinaci\u00f3n de los proyectos entre las distintas fases (dise\u00f1o, producci\u00f3n y seguimiento de obra) sea una de sus mejores cartas de presentaci\u00f3n. SERVICIO COMPLETO Direcci\u00f3n de obra Coordinaci\u00f3n entre las empresas de distintas disciplinas involucradas en los proyectos. Seguimiento [&hellip;]\" \/>\n<meta property=\"og:url\" content=\"https:\/\/insteimed.com\/en\/direccion_obra\/\" \/>\n<meta property=\"og:site_name\" content=\"Insteimed\" \/>\n<meta property=\"article:modified_time\" content=\"2024-03-11T12:45:44+00:00\" \/>\n<meta property=\"og:image\" content=\"https:\/\/insteimed.com\/new\/wp-content\/uploads\/2024\/02\/direccion-de-obra-insteimed.jpg\" \/>\n<meta name=\"twitter:card\" content=\"summary_large_image\" \/>\n<meta name=\"twitter:label1\" content=\"Est. reading time\" \/>\n\t<meta name=\"twitter:data1\" content=\"1 minute\" \/>\n<script type=\"application\/ld+json\" class=\"yoast-schema-graph\">{\"@context\":\"https:\/\/schema.org\",\"@graph\":[{\"@type\":\"WebPage\",\"@id\":\"https:\/\/insteimed.com\/direccion_obra\/\",\"url\":\"https:\/\/insteimed.com\/direccion_obra\/\",\"name\":\"Direcci\u00f3n de obra - Insteimed\",\"isPartOf\":{\"@id\":\"https:\/\/insteimed.com\/#website\"},\"primaryImageOfPage\":{\"@id\":\"https:\/\/insteimed.com\/direccion_obra\/#primaryimage\"},\"image\":{\"@id\":\"https:\/\/insteimed.com\/direccion_obra\/#primaryimage\"},\"thumbnailUrl\":\"https:\/\/insteimed.com\/new\/wp-content\/uploads\/2024\/02\/direccion-de-obra-insteimed.jpg\",\"datePublished\":\"2024-01-08T16:44:42+00:00\",\"dateModified\":\"2024-03-11T12:45:44+00:00\",\"breadcrumb\":{\"@id\":\"https:\/\/insteimed.com\/direccion_obra\/#breadcrumb\"},\"inLanguage\":\"en-US\",\"potentialAction\":[{\"@type\":\"ReadAction\",\"target\":[\"https:\/\/insteimed.com\/direccion_obra\/\"]}]},{\"@type\":\"ImageObject\",\"inLanguage\":\"en-US\",\"@id\":\"https:\/\/insteimed.com\/direccion_obra\/#primaryimage\",\"url\":\"https:\/\/insteimed.com\/new\/wp-content\/uploads\/2024\/02\/direccion-de-obra-insteimed.jpg\",\"contentUrl\":\"https:\/\/insteimed.com\/new\/wp-content\/uploads\/2024\/02\/direccion-de-obra-insteimed.jpg\"},{\"@type\":\"BreadcrumbList\",\"@id\":\"https:\/\/insteimed.com\/direccion_obra\/#breadcrumb\",\"itemListElement\":[{\"@type\":\"ListItem\",\"position\":1,\"name\":\"Portada\",\"item\":\"https:\/\/insteimed.com\/\"},{\"@type\":\"ListItem\",\"position\":2,\"name\":\"Direcci\u00f3n de obra\"}]},{\"@type\":\"WebSite\",\"@id\":\"https:\/\/insteimed.com\/#website\",\"url\":\"https:\/\/insteimed.com\/\",\"name\":\"Insteimed\",\"description\":\"Sistemas el\u00e9ctricos sector naval\",\"publisher\":{\"@id\":\"https:\/\/insteimed.com\/#organization\"},\"potentialAction\":[{\"@type\":\"SearchAction\",\"target\":{\"@type\":\"EntryPoint\",\"urlTemplate\":\"https:\/\/insteimed.com\/?s={search_term_string}\"},\"query-input\":\"required name=search_term_string\"}],\"inLanguage\":\"en-US\"},{\"@type\":\"Organization\",\"@id\":\"https:\/\/insteimed.com\/#organization\",\"name\":\"Insteimed\",\"url\":\"https:\/\/insteimed.com\/\",\"logo\":{\"@type\":\"ImageObject\",\"inLanguage\":\"en-US\",\"@id\":\"https:\/\/insteimed.com\/#\/schema\/logo\/image\/\",\"url\":\"https:\/\/insteimed.com\/wp-content\/uploads\/2024\/01\/LOGO-insteimed.png\",\"contentUrl\":\"https:\/\/insteimed.com\/wp-content\/uploads\/2024\/01\/LOGO-insteimed.png\",\"width\":800,\"height\":264,\"caption\":\"Insteimed\"},\"image\":{\"@id\":\"https:\/\/insteimed.com\/#\/schema\/logo\/image\/\"}}]}<\/script>\n<!-- \/ Yoast SEO plugin. -->","yoast_head_json":{"title":"Direcci\u00f3n de obra - Insteimed","robots":{"index":"index","follow":"follow","max-snippet":"max-snippet:-1","max-image-preview":"max-image-preview:large","max-video-preview":"max-video-preview:-1"},"canonical":"https:\/\/insteimed.com\/en\/direccion_obra\/","og_locale":"en_US","og_type":"article","og_title":"Direcci\u00f3n de obra - Insteimed","og_description":"Llave en mano, todo funciona mejor. COORDINACI\u00d3N Experiencia en proyectos \u201dLlave en Mano\u201dEsto implica que la coordinaci\u00f3n de los proyectos entre las distintas fases (dise\u00f1o, producci\u00f3n y seguimiento de obra) sea una de sus mejores cartas de presentaci\u00f3n. SERVICIO COMPLETO Direcci\u00f3n de obra Coordinaci\u00f3n entre las empresas de distintas disciplinas involucradas en los proyectos. Seguimiento [&hellip;]","og_url":"https:\/\/insteimed.com\/en\/direccion_obra\/","og_site_name":"Insteimed","article_modified_time":"2024-03-11T12:45:44+00:00","og_image":[{"url":"https:\/\/insteimed.com\/new\/wp-content\/uploads\/2024\/02\/direccion-de-obra-insteimed.jpg"}],"twitter_card":"summary_large_image","twitter_misc":{"Est. reading time":"1 minute"},"schema":{"@context":"https:\/\/schema.org","@graph":[{"@type":"WebPage","@id":"https:\/\/insteimed.com\/direccion_obra\/","url":"https:\/\/insteimed.com\/direccion_obra\/","name":"Direcci\u00f3n de obra - Insteimed","isPartOf":{"@id":"https:\/\/insteimed.com\/#website"},"primaryImageOfPage":{"@id":"https:\/\/insteimed.com\/direccion_obra\/#primaryimage"},"image":{"@id":"https:\/\/insteimed.com\/direccion_obra\/#primaryimage"},"thumbnailUrl":"https:\/\/insteimed.com\/new\/wp-content\/uploads\/2024\/02\/direccion-de-obra-insteimed.jpg","datePublished":"2024-01-08T16:44:42+00:00","dateModified":"2024-03-11T12:45:44+00:00","breadcrumb":{"@id":"https:\/\/insteimed.com\/direccion_obra\/#breadcrumb"},"inLanguage":"en-US","potentialAction":[{"@type":"ReadAction","target":["https:\/\/insteimed.com\/direccion_obra\/"]}]},{"@type":"ImageObject","inLanguage":"en-US","@id":"https:\/\/insteimed.com\/direccion_obra\/#primaryimage","url":"https:\/\/insteimed.com\/new\/wp-content\/uploads\/2024\/02\/direccion-de-obra-insteimed.jpg","contentUrl":"https:\/\/insteimed.com\/new\/wp-content\/uploads\/2024\/02\/direccion-de-obra-insteimed.jpg"},{"@type":"BreadcrumbList","@id":"https:\/\/insteimed.com\/direccion_obra\/#breadcrumb","itemListElement":[{"@type":"ListItem","position":1,"name":"Portada","item":"https:\/\/insteimed.com\/"},{"@type":"ListItem","position":2,"name":"Direcci\u00f3n de obra"}]},{"@type":"WebSite","@id":"https:\/\/insteimed.com\/#website","url":"https:\/\/insteimed.com\/","name":"Insteimed","description":"Sistemas el\u00e9ctricos sector naval","publisher":{"@id":"https:\/\/insteimed.com\/#organization"},"potentialAction":[{"@type":"SearchAction","target":{"@type":"EntryPoint","urlTemplate":"https:\/\/insteimed.com\/?s={search_term_string}"},"query-input":"required name=search_term_string"}],"inLanguage":"en-US"},{"@type":"Organization","@id":"https:\/\/insteimed.com\/#organization","name":"Insteimed","url":"https:\/\/insteimed.com\/","logo":{"@type":"ImageObject","inLanguage":"en-US","@id":"https:\/\/insteimed.com\/#\/schema\/logo\/image\/","url":"https:\/\/insteimed.com\/wp-content\/uploads\/2024\/01\/LOGO-insteimed.png","contentUrl":"https:\/\/insteimed.com\/wp-content\/uploads\/2024\/01\/LOGO-insteimed.png","width":800,"height":264,"caption":"Insteimed"},"image":{"@id":"https:\/\/insteimed.com\/#\/schema\/logo\/image\/"}}]}},"_links":{"self":[{"href":"https:\/\/insteimed.com\/en\/wp-json\/wp\/v2\/pages\/29","targetHints":{"allow":["GET"]}}],"collection":[{"href":"https:\/\/insteimed.com\/en\/wp-json\/wp\/v2\/pages"}],"about":[{"href":"https:\/\/insteimed.com\/en\/wp-json\/wp\/v2\/types\/page"}],"author":[{"embeddable":true,"href":"https:\/\/insteimed.com\/en\/wp-json\/wp\/v2\/users\/1"}],"replies":[{"embeddable":true,"href":"https:\/\/insteimed.com\/en\/wp-json\/wp\/v2\/comments?post=29"}],"version-history":[{"count":22,"href":"https:\/\/insteimed.com\/en\/wp-json\/wp\/v2\/pages\/29\/revisions"}],"predecessor-version":[{"id":1052,"href":"https:\/\/insteimed.com\/en\/wp-json\/wp\/v2\/pages\/29\/revisions\/1052"}],"wp:attachment":[{"href":"https:\/\/insteimed.com\/en\/wp-json\/wp\/v2\/media?parent=29"}],"curies":[{"name":"wp","href":"https:\/\/api.w.org\/{rel}","templated":true}]}}