{"id":266,"date":"2024-01-09T13:53:53","date_gmt":"2024-01-09T12:53:53","guid":{"rendered":"https:\/\/insteimed.com\/new\/?page_id=266"},"modified":"2024-03-08T06:47:18","modified_gmt":"2024-03-08T05:47:18","slug":"politica-de-cookies","status":"publish","type":"page","link":"https:\/\/insteimed.com\/en\/politica-de-cookies\/","title":{"rendered":"Cookies Policy"},"content":{"rendered":"<div data-elementor-type=\"wp-page\" data-elementor-id=\"266\" class=\"elementor elementor-266\" data-elementor-settings=\"{&quot;premium_particles_zindex&quot;:0,&quot;premium_particles_responsive&quot;:[&quot;desktop&quot;,&quot;tablet&quot;,&quot;mobile&quot;]}\" data-elementor-post-type=\"page\">\n\t\t\t\t<div class=\"elementor-element elementor-element-0f76f2f e-flex e-con-boxed e-con e-parent\" data-id=\"0f76f2f\" data-element_type=\"container\" data-settings=\"{&quot;background_background&quot;:&quot;classic&quot;,&quot;content_width&quot;:&quot;boxed&quot;,&quot;premium_particles_zindex&quot;:0,&quot;premium_particles_responsive&quot;:[&quot;desktop&quot;,&quot;tablet&quot;,&quot;mobile&quot;]}\" data-core-v316-plus=\"true\">\n\t\t\t\t\t<div class=\"e-con-inner\">\n\t\t\t\t<div class=\"elementor-element elementor-element-56f7837 elementor-widget elementor-widget-heading\" data-id=\"56f7837\" data-element_type=\"widget\" data-widget_type=\"heading.default\">\n\t\t\t\t<div class=\"elementor-widget-container\">\n\t\t\t<style>\/*! elementor - v3.19.0 - 28-02-2024 *\/\n.elementor-heading-title{padding:0;margin:0;line-height:1}.elementor-widget-heading .elementor-heading-title[class*=elementor-size-]>a{color:inherit;font-size:inherit;line-height:inherit}.elementor-widget-heading .elementor-heading-title.elementor-size-small{font-size:15px}.elementor-widget-heading .elementor-heading-title.elementor-size-medium{font-size:19px}.elementor-widget-heading .elementor-heading-title.elementor-size-large{font-size:29px}.elementor-widget-heading .elementor-heading-title.elementor-size-xl{font-size:39px}.elementor-widget-heading .elementor-heading-title.elementor-size-xxl{font-size:59px}<\/style><h1 class=\"elementor-heading-title elementor-size-default\">Cookies Policy<\/h1>\t\t<\/div>\n\t\t\t\t<\/div>\n\t\t\t\t\t<\/div>\n\t\t\t\t<\/div>\n\t\t<div class=\"elementor-element elementor-element-b6d474d e-flex e-con-boxed e-con e-parent\" data-id=\"b6d474d\" data-element_type=\"container\" data-settings=\"{&quot;content_width&quot;:&quot;boxed&quot;,&quot;premium_particles_zindex&quot;:0,&quot;premium_particles_responsive&quot;:[&quot;desktop&quot;,&quot;tablet&quot;,&quot;mobile&quot;]}\" data-core-v316-plus=\"true\">\n\t\t\t\t\t<div class=\"e-con-inner\">\n\t\t\t\t<div class=\"elementor-element elementor-element-4c04ca1 elementor-widget elementor-widget-text-editor\" data-id=\"4c04ca1\" data-element_type=\"widget\" data-widget_type=\"text-editor.default\">\n\t\t\t\t<div class=\"elementor-widget-container\">\n\t\t\t<style>\/*! elementor - v3.19.0 - 28-02-2024 *\/\n.elementor-widget-text-editor.elementor-drop-cap-view-stacked .elementor-drop-cap{background-color:#69727d;color:#fff}.elementor-widget-text-editor.elementor-drop-cap-view-framed .elementor-drop-cap{color:#69727d;border:3px solid;background-color:transparent}.elementor-widget-text-editor:not(.elementor-drop-cap-view-default) .elementor-drop-cap{margin-top:8px}.elementor-widget-text-editor:not(.elementor-drop-cap-view-default) .elementor-drop-cap-letter{width:1em;height:1em}.elementor-widget-text-editor .elementor-drop-cap{float:left;text-align:center;line-height:1;font-size:50px}.elementor-widget-text-editor .elementor-drop-cap-letter{display:inline-block}<\/style>\t\t\t\t<h2><strong>What are cookies?<\/strong><\/h2><div class=\"cookie-policy-p\"><span class=\"HwtZe\" lang=\"es\"><span class=\"jCAhz ChMk0b\"><span class=\"ryNqvb\">This Cookie Policy explains what cookies are and how we use them, the types of cookies we use, i.e., the information we collect using cookies and how that information is used, and how to manage your cookie settings.<\/span><\/span> <span class=\"jCAhz ChMk0b\"><span class=\"ryNqvb\">Cookies are small text files that are used to store small pieces of information.<\/span><\/span> <span class=\"jCAhz ChMk0b\"><span class=\"ryNqvb\">They are stored on your device when the website loads in your browser.<\/span><\/span> <span class=\"jCAhz ChMk0b\"><span class=\"ryNqvb\">These cookies help us make the website work properly, make it more secure, provide a better user experience and understand how the website works and analyze what works and where it needs improvement.<\/span><\/span><\/span><\/div><h3>How do we use cookies?<\/h3><div class=\"cookie-policy-p\"><span class=\"HwtZe\" lang=\"es\"><span class=\"jCAhz ChMk0b\"><span class=\"ryNqvb\">Like most online services, our website uses its own and third-party cookies for various purposes.<\/span><\/span> <span class=\"jCAhz ChMk0b\"><span class=\"ryNqvb\">First-party cookies are mostly necessary for the website to function properly and do not collect any of your personally identifiable information.<\/span><\/span> <span class=\"jCAhz ChMk0b\"><span class=\"ryNqvb\">Third-party cookies used on our website are primarily to understand how the website works, how you interact with our website, keep our services secure, provide advertisements that are relevant to you and generally provide you with a better and improved user experience.<\/span><\/span> <span class=\"jCAhz ChMk0b\"><span class=\"ryNqvb\">.<\/span><\/span> <span class=\"jCAhz ChMk0b\"><span class=\"ryNqvb\">experience and help speed up your future interactions with our website.<\/span><\/span><\/span><\/div><h3>Types of cookies we use<\/h3><div><h3>Required<\/h3><div class=\"cky-table-wrapper\"><table class=\"cky-cookie-audit-table\"><thead><tr><th>Cookie<\/th><th>Duration<\/th><th>Description<\/th><\/tr><\/thead><tbody><tr><td>cookieyes-consent<\/td><td>1 year<\/td><td>CookieYes<br \/>sets this cookie to remember consent preferences<br \/>of the users, so that their preferences are respected in the<br \/>subsequent visits to this site. It does not collect or store any<br \/>personal information about visitors to the site.<\/td><\/tr><tr><td>elementor<\/td><td>Never<\/td><td>The<br \/>WordPress theme of the website sets this cookie. It allows the<br \/>owner of the website implement or change the content of the site<br \/>web in real time.<\/td><\/tr><\/tbody><\/table><\/div><h3>Analytics<\/h3><table class=\"cky-cookie-audit-table\"><thead><tr><th>Cookie<\/th><th>Duration<\/th><th>Description<\/th><\/tr><\/thead><tbody><tr><td>_ga_*<\/td><td>1 year 1 month 4 days<\/td><td>Google Analytics sets this cookie to store and count page views.<\/td><\/tr><tr><td>_ga<\/td><td>1 year 1 month 4 days<\/td><td>Google<br \/>Analytics sets this cookie to calculate the data from the<br \/>and campaigns and to make an overview of the<br \/>site usage tracking for the site analytics report. The<br \/>cookie stores the information in an anonymous form and assigns a number<br \/>randomly generated to recognize unique visitors.<\/td><\/tr><\/tbody><\/table><\/div><div class=\"cky-audit-table-element\">\u00a0<\/div><h3>Manage cookie preferences<\/h3><p><a class=\"cky-banner-element\">Cookie Settings<\/a><\/p><div><p><span class=\"HwtZe\" lang=\"es\"><span class=\"jCAhz ChMk0b\"><span class=\"ryNqvb\">You can change your cookie preferences at any time by clicking the button above.<\/span><\/span> <span class=\"jCAhz ChMk0b\"><span class=\"ryNqvb\">This will allow you to revisit the cookie consent banner and change your preferences or withdraw your consent immediately.<\/span><\/span> <span class=\"jCAhz ChMk0b\"><span class=\"ryNqvb\">In addition to this, different browsers provide different methods to block and delete cookies used by websites.<\/span><\/span> <span class=\"jCAhz ChMk0b\"><span class=\"ryNqvb\">You can change your browser settings to block\/delete cookies.<\/span><\/span> <span class=\"jCAhz ChMk0b\"><span class=\"ryNqvb\">Listed below are links to support documents on how to manage and delete cookies from the major web browsers.<\/span><\/span><\/span><\/p><p>Chrome: <a href=\"https:\/\/support.google.com\/accounts\/answer\/32050\" target=\"_blank\" rel=\"noopener\">https:\/\/support.google.com\/accounts\/answer\/32050<\/a><\/p><p>Safari: <a href=\"https:\/\/support.apple.com\/en-in\/guide\/safari\/sfri11471\/mac\" target=\"_blank\" rel=\"noopener\">https:\/\/support.apple.com\/en-in\/guide\/safari\/sfri11471\/mac<\/a><\/p><p>Firefox: <a href=\"https:\/\/support.mozilla.org\/en-US\/kb\/clear-cookies-and-site-data-firefox?redirectslug=delete-cookies-remove-info-websites-stored&amp;redirectlocale=en-US\" target=\"_blank\" rel=\"noopener\">https:\/\/support.mozilla.org\/en-US\/kb\/clear-cookies-and-site-data-firefox?redirectslug=delete-cookies-remove-info-websites-stored&amp;redirectlocale=en-US<\/a><\/p><p>Internet Explorer: <a href=\"https:\/\/support.microsoft.com\/en-us\/topic\/how-to-delete-cookie-files-in-internet-explorer-bca9446f-d873-78de-77ba-d42645fa52fc\" target=\"_blank\" rel=\"noopener\">https:\/\/support.microsoft.com\/en-us\/topic\/how-to-delete-cookie-files-in-internet-explorer-bca9446f-d873-78de-77ba-d42645fa52fc<\/a><\/p><p><span class=\"HwtZe\" lang=\"es\"><span class=\"jCAhz ChMk0b\"><span class=\"ryNqvb\">If you are using any other web browser, please visit the official support documents for your browser.<\/span><\/span><\/span><\/p><\/div>\t\t\t\t\t\t<\/div>\n\t\t\t\t<\/div>\n\t\t\t\t\t<\/div>\n\t\t\t\t<\/div>\n\t\t\t\t<\/div>","protected":false},"excerpt":{"rendered":"<p>What are cookies? This Cookie Policy explains what cookies are and how we use them, the types of cookies we use, i.e. the information we collect using cookies and how that information is used, and how to manage your cookie settings. Cookies are small text files that are used to [...]<\/p>","protected":false},"author":1,"featured_media":0,"parent":0,"menu_order":0,"comment_status":"closed","ping_status":"closed","template":"","meta":{"footnotes":""},"class_list":["post-266","page","type-page","status-publish","hentry"],"yoast_head":"<!-- This site is optimized with the Yoast SEO plugin v22.2 - https:\/\/yoast.com\/wordpress\/plugins\/seo\/ -->\n<title>Pol\u00edtica de Cookies - Insteimed<\/title>\n<meta name=\"robots\" content=\"index, follow, max-snippet:-1, max-image-preview:large, max-video-preview:-1\" \/>\n<link rel=\"canonical\" href=\"https:\/\/insteimed.com\/en\/politica-de-cookies\/\" \/>\n<meta property=\"og:locale\" content=\"en_US\" \/>\n<meta property=\"og:type\" content=\"article\" \/>\n<meta property=\"og:title\" content=\"Pol\u00edtica de Cookies - Insteimed\" \/>\n<meta property=\"og:description\" content=\"\u00bfQu\u00e9 son las cookies? Esta Pol\u00edtica de cookies explica qu\u00e9 son las cookies y c\u00f3mo las usamos, los tipos de cookies que usamos, es decir, la informaci\u00f3n que recopilamos usando cookies y c\u00f3mo se usa esa informaci\u00f3n, y c\u00f3mo administrar la configuraci\u00f3n de cookies. Las cookies son peque\u00f1os archivos de texto que se utilizan para [&hellip;]\" \/>\n<meta property=\"og:url\" content=\"https:\/\/insteimed.com\/en\/politica-de-cookies\/\" \/>\n<meta property=\"og:site_name\" content=\"Insteimed\" \/>\n<meta property=\"article:modified_time\" content=\"2024-03-08T05:47:18+00:00\" \/>\n<meta name=\"twitter:card\" content=\"summary_large_image\" \/>\n<meta name=\"twitter:label1\" content=\"Est. reading time\" \/>\n\t<meta name=\"twitter:data1\" content=\"3 minutes\" \/>\n<script type=\"application\/ld+json\" class=\"yoast-schema-graph\">{\"@context\":\"https:\/\/schema.org\",\"@graph\":[{\"@type\":\"WebPage\",\"@id\":\"https:\/\/insteimed.com\/politica-de-cookies\/\",\"url\":\"https:\/\/insteimed.com\/politica-de-cookies\/\",\"name\":\"Pol\u00edtica de Cookies - Insteimed\",\"isPartOf\":{\"@id\":\"https:\/\/insteimed.com\/#website\"},\"datePublished\":\"2024-01-09T12:53:53+00:00\",\"dateModified\":\"2024-03-08T05:47:18+00:00\",\"breadcrumb\":{\"@id\":\"https:\/\/insteimed.com\/politica-de-cookies\/#breadcrumb\"},\"inLanguage\":\"en-US\",\"potentialAction\":[{\"@type\":\"ReadAction\",\"target\":[\"https:\/\/insteimed.com\/politica-de-cookies\/\"]}]},{\"@type\":\"BreadcrumbList\",\"@id\":\"https:\/\/insteimed.com\/politica-de-cookies\/#breadcrumb\",\"itemListElement\":[{\"@type\":\"ListItem\",\"position\":1,\"name\":\"Portada\",\"item\":\"https:\/\/insteimed.com\/\"},{\"@type\":\"ListItem\",\"position\":2,\"name\":\"Pol\u00edtica de Cookies\"}]},{\"@type\":\"WebSite\",\"@id\":\"https:\/\/insteimed.com\/#website\",\"url\":\"https:\/\/insteimed.com\/\",\"name\":\"Insteimed\",\"description\":\"Sistemas el\u00e9ctricos sector naval\",\"publisher\":{\"@id\":\"https:\/\/insteimed.com\/#organization\"},\"potentialAction\":[{\"@type\":\"SearchAction\",\"target\":{\"@type\":\"EntryPoint\",\"urlTemplate\":\"https:\/\/insteimed.com\/?s={search_term_string}\"},\"query-input\":\"required name=search_term_string\"}],\"inLanguage\":\"en-US\"},{\"@type\":\"Organization\",\"@id\":\"https:\/\/insteimed.com\/#organization\",\"name\":\"Insteimed\",\"url\":\"https:\/\/insteimed.com\/\",\"logo\":{\"@type\":\"ImageObject\",\"inLanguage\":\"en-US\",\"@id\":\"https:\/\/insteimed.com\/#\/schema\/logo\/image\/\",\"url\":\"https:\/\/insteimed.com\/wp-content\/uploads\/2024\/01\/LOGO-insteimed.png\",\"contentUrl\":\"https:\/\/insteimed.com\/wp-content\/uploads\/2024\/01\/LOGO-insteimed.png\",\"width\":800,\"height\":264,\"caption\":\"Insteimed\"},\"image\":{\"@id\":\"https:\/\/insteimed.com\/#\/schema\/logo\/image\/\"}}]}<\/script>\n<!-- \/ Yoast SEO plugin. -->","yoast_head_json":{"title":"Pol\u00edtica de Cookies - Insteimed","robots":{"index":"index","follow":"follow","max-snippet":"max-snippet:-1","max-image-preview":"max-image-preview:large","max-video-preview":"max-video-preview:-1"},"canonical":"https:\/\/insteimed.com\/en\/politica-de-cookies\/","og_locale":"en_US","og_type":"article","og_title":"Pol\u00edtica de Cookies - Insteimed","og_description":"\u00bfQu\u00e9 son las cookies? Esta Pol\u00edtica de cookies explica qu\u00e9 son las cookies y c\u00f3mo las usamos, los tipos de cookies que usamos, es decir, la informaci\u00f3n que recopilamos usando cookies y c\u00f3mo se usa esa informaci\u00f3n, y c\u00f3mo administrar la configuraci\u00f3n de cookies. Las cookies son peque\u00f1os archivos de texto que se utilizan para [&hellip;]","og_url":"https:\/\/insteimed.com\/en\/politica-de-cookies\/","og_site_name":"Insteimed","article_modified_time":"2024-03-08T05:47:18+00:00","twitter_card":"summary_large_image","twitter_misc":{"Est. reading time":"3 minutes"},"schema":{"@context":"https:\/\/schema.org","@graph":[{"@type":"WebPage","@id":"https:\/\/insteimed.com\/politica-de-cookies\/","url":"https:\/\/insteimed.com\/politica-de-cookies\/","name":"Pol\u00edtica de Cookies - Insteimed","isPartOf":{"@id":"https:\/\/insteimed.com\/#website"},"datePublished":"2024-01-09T12:53:53+00:00","dateModified":"2024-03-08T05:47:18+00:00","breadcrumb":{"@id":"https:\/\/insteimed.com\/politica-de-cookies\/#breadcrumb"},"inLanguage":"en-US","potentialAction":[{"@type":"ReadAction","target":["https:\/\/insteimed.com\/politica-de-cookies\/"]}]},{"@type":"BreadcrumbList","@id":"https:\/\/insteimed.com\/politica-de-cookies\/#breadcrumb","itemListElement":[{"@type":"ListItem","position":1,"name":"Portada","item":"https:\/\/insteimed.com\/"},{"@type":"ListItem","position":2,"name":"Pol\u00edtica de Cookies"}]},{"@type":"WebSite","@id":"https:\/\/insteimed.com\/#website","url":"https:\/\/insteimed.com\/","name":"Insteimed","description":"Sistemas el\u00e9ctricos sector naval","publisher":{"@id":"https:\/\/insteimed.com\/#organization"},"potentialAction":[{"@type":"SearchAction","target":{"@type":"EntryPoint","urlTemplate":"https:\/\/insteimed.com\/?s={search_term_string}"},"query-input":"required name=search_term_string"}],"inLanguage":"en-US"},{"@type":"Organization","@id":"https:\/\/insteimed.com\/#organization","name":"Insteimed","url":"https:\/\/insteimed.com\/","logo":{"@type":"ImageObject","inLanguage":"en-US","@id":"https:\/\/insteimed.com\/#\/schema\/logo\/image\/","url":"https:\/\/insteimed.com\/wp-content\/uploads\/2024\/01\/LOGO-insteimed.png","contentUrl":"https:\/\/insteimed.com\/wp-content\/uploads\/2024\/01\/LOGO-insteimed.png","width":800,"height":264,"caption":"Insteimed"},"image":{"@id":"https:\/\/insteimed.com\/#\/schema\/logo\/image\/"}}]}},"_links":{"self":[{"href":"https:\/\/insteimed.com\/en\/wp-json\/wp\/v2\/pages\/266","targetHints":{"allow":["GET"]}}],"collection":[{"href":"https:\/\/insteimed.com\/en\/wp-json\/wp\/v2\/pages"}],"about":[{"href":"https:\/\/insteimed.com\/en\/wp-json\/wp\/v2\/types\/page"}],"author":[{"embeddable":true,"href":"https:\/\/insteimed.com\/en\/wp-json\/wp\/v2\/users\/1"}],"replies":[{"embeddable":true,"href":"https:\/\/insteimed.com\/en\/wp-json\/wp\/v2\/comments?post=266"}],"version-history":[{"count":10,"href":"https:\/\/insteimed.com\/en\/wp-json\/wp\/v2\/pages\/266\/revisions"}],"predecessor-version":[{"id":1587,"href":"https:\/\/insteimed.com\/en\/wp-json\/wp\/v2\/pages\/266\/revisions\/1587"}],"wp:attachment":[{"href":"https:\/\/insteimed.com\/en\/wp-json\/wp\/v2\/media?parent=266"}],"curies":[{"name":"wp","href":"https:\/\/api.w.org\/{rel}","templated":true}]}}